{"id":53,"date":"2025-12-25T16:32:30","date_gmt":"2025-12-25T15:32:30","guid":{"rendered":"https:\/\/montazechlazeni.cz\/index.php\/project-details\/"},"modified":"2026-04-13T14:01:19","modified_gmt":"2026-04-13T12:01:19","slug":"mlekarny","status":"publish","type":"page","link":"https:\/\/montazechlazeni.cz\/index.php\/reference\/mlekarny\/","title":{"rendered":"Ml\u00e9k\u00e1rny"},"content":{"rendered":"\t\t<div data-elementor-type=\"wp-page\" data-elementor-id=\"53\" class=\"elementor elementor-53\">\n\t\t\t\t\t\t<section class=\"elementor-section elementor-top-section elementor-element elementor-element-32b6c6c elementor-section-boxed elementor-section-height-default elementor-section-height-default\" data-id=\"32b6c6c\" data-element_type=\"section\" data-e-type=\"section\">\n\t\t\t\t\t\t<div class=\"elementor-container elementor-column-gap-no\">\n\t\t\t\t\t<div class=\"elementor-column elementor-col-100 elementor-top-column elementor-element elementor-element-ee68c22\" data-id=\"ee68c22\" data-element_type=\"column\" data-e-type=\"column\">\n\t\t\t<div class=\"elementor-widget-wrap elementor-element-populated\">\n\t\t\t\t\t\t<div class=\"elementor-element elementor-element-1cbe613 elementor-invisible elementor-widget elementor-widget-heading\" data-id=\"1cbe613\" data-element_type=\"widget\" data-e-type=\"widget\" data-settings=\"{&quot;_animation&quot;:&quot;fadeInUp&quot;}\" data-widget_type=\"heading.default\">\n\t\t\t\t\t<h2 class=\"elementor-heading-title elementor-size-default\">Chladic\u00ed syst\u00e9my pro ml\u00e9k\u00e1rny<\/h2>\t\t\t\t<\/div>\n\t\t\t\t<div class=\"elementor-element elementor-element-524f40f elementor-widget__width-initial elementor-invisible elementor-widget elementor-widget-image\" data-id=\"524f40f\" data-element_type=\"widget\" data-e-type=\"widget\" data-settings=\"{&quot;_animation&quot;:&quot;zoomIn&quot;,&quot;_animation_delay&quot;:200}\" data-widget_type=\"image.default\">\n\t\t\t\t\t\t\t\t\t\t\t\t\t\t\t<img decoding=\"async\" src=\"https:\/\/montazechlazeni.cz\/wp-content\/uploads\/elementor\/thumbs\/20250603_131306-rl7zz0tzmz67duxk90npyfd63o5s74k0hivh08scnk.jpg\" title=\"20250603_131306\" alt=\"20250603_131306\" loading=\"lazy\" \/>\t\t\t\t\t\t\t\t\t\t\t\t\t\t\t<\/div>\n\t\t\t\t<div class=\"elementor-element elementor-element-5447db3 elementor-invisible elementor-widget elementor-widget-text-editor\" data-id=\"5447db3\" data-element_type=\"widget\" data-e-type=\"widget\" data-settings=\"{&quot;_animation&quot;:&quot;fadeInUp&quot;}\" data-widget_type=\"text-editor.default\">\n\t\t\t\t\t\t\t\t\t<p data-start=\"37\" data-end=\"272\">Navrhujeme a realizujeme chladic\u00ed syst\u00e9my pro ml\u00e9k\u00e1rensk\u00e9 provozy s d\u016frazem na hygienu, stabiln\u00ed teplotn\u00ed re\u017eimy a energeticky \u00fasporn\u00fd provoz. \u0158e\u0161en\u00ed p\u0159izp\u016fsobujeme specifick\u00fdm po\u017eadavk\u016fm v\u00fdroby i skladov\u00e1n\u00ed ml\u00e9ka a ml\u00e9\u010dn\u00fdch v\u00fdrobk\u016f.<\/p><p data-start=\"274\" data-end=\"539\">Zaji\u0161\u0165ujeme chlazen\u00ed pro p\u0159\u00edjem a skladov\u00e1n\u00ed syrov\u00e9ho ml\u00e9ka, technologick\u00e9 chlazen\u00ed p\u0159i v\u00fdrob\u011b, zr\u00e1n\u00ed produkt\u016f i chlad\u00edrensk\u00e9 a mraz\u00edrensk\u00e9 sklady hotov\u00fdch v\u00fdrobk\u016f. D\u016fraz klademe na p\u0159esnou regulaci teplot, spolehliv\u00fd provoz a spln\u011bn\u00ed p\u0159\u00edsn\u00fdch hygienick\u00fdch norem.<\/p>\t\t\t\t\t\t\t\t<\/div>\n\t\t\t\t<div class=\"elementor-element elementor-element-7987597 elementor-widget elementor-widget-heading\" data-id=\"7987597\" data-element_type=\"widget\" data-e-type=\"widget\" data-widget_type=\"heading.default\">\n\t\t\t\t\t<h3 class=\"elementor-heading-title elementor-size-default\">EKOMILK s.r.o. Fr\u00fddek - M\u00edstek<\/h3>\t\t\t\t<\/div>\n\t\t\t\t<div class=\"elementor-element elementor-element-90fdf59 elementor-widget elementor-widget-text-editor\" data-id=\"90fdf59\" data-element_type=\"widget\" data-e-type=\"widget\" data-widget_type=\"text-editor.default\">\n\t\t\t\t\t\t\t\t\t<p>Rekonstrukc epotrub\u00ed ledov\u00e9 vody 2025<\/p>\t\t\t\t\t\t\t\t<\/div>\n\t\t\t\t<div class=\"elementor-element elementor-element-376fa7c gallery-spacing-custom elementor-widget__width-inherit elementor-widget elementor-widget-image-gallery\" data-id=\"376fa7c\" data-element_type=\"widget\" data-e-type=\"widget\" data-widget_type=\"image-gallery.default\">\n\t\t\t\t\t\t\t<div class=\"elementor-image-gallery\">\n\t\t\t<div id='gallery-1' class='gallery galleryid-53 gallery-columns-4 gallery-size-_nx_notification_thumb_400_400'><figure class='gallery-item'>\n\t\t\t<div class='gallery-icon landscape'>\n\t\t\t\t<a data-elementor-open-lightbox=\"yes\" data-elementor-lightbox-slideshow=\"376fa7c\" data-elementor-lightbox-title=\"20250603_131306\" data-e-action-hash=\"#elementor-action%3Aaction%3Dlightbox%26settings%3DeyJpZCI6NTc5LCJ1cmwiOiJodHRwczpcL1wvbW9udGF6ZWNobGF6ZW5pLmN6XC93cC1jb250ZW50XC91cGxvYWRzXC8yMDI2XC8wM1wvMjAyNTA2MDNfMTMxMzA2LTEuanBnIiwic2xpZGVzaG93IjoiMzc2ZmE3YyJ9\" href='https:\/\/montazechlazeni.cz\/wp-content\/uploads\/2026\/03\/20250603_131306-1.jpg'><img fetchpriority=\"high\" decoding=\"async\" width=\"400\" height=\"400\" src=\"https:\/\/montazechlazeni.cz\/wp-content\/uploads\/2026\/03\/20250603_131306-1-400x400.jpg\" class=\"attachment-_nx_notification_thumb_400_400 size-_nx_notification_thumb_400_400\" alt=\"\" srcset=\"https:\/\/montazechlazeni.cz\/wp-content\/uploads\/2026\/03\/20250603_131306-1-400x400.jpg 400w, https:\/\/montazechlazeni.cz\/wp-content\/uploads\/2026\/03\/20250603_131306-1-150x150.jpg 150w, https:\/\/montazechlazeni.cz\/wp-content\/uploads\/2026\/03\/20250603_131306-1-100x100.jpg 100w, https:\/\/montazechlazeni.cz\/wp-content\/uploads\/2026\/03\/20250603_131306-1-200x200.jpg 200w, https:\/\/montazechlazeni.cz\/wp-content\/uploads\/2026\/03\/20250603_131306-1-300x300.jpg 300w, https:\/\/montazechlazeni.cz\/wp-content\/uploads\/2026\/03\/20250603_131306-1-500x500.jpg 500w\" sizes=\"(max-width: 400px) 100vw, 400px\" \/><\/a>\n\t\t\t<\/div><\/figure><figure class='gallery-item'>\n\t\t\t<div class='gallery-icon landscape'>\n\t\t\t\t<a data-elementor-open-lightbox=\"yes\" data-elementor-lightbox-slideshow=\"376fa7c\" data-elementor-lightbox-title=\"20250603_131343\" data-e-action-hash=\"#elementor-action%3Aaction%3Dlightbox%26settings%3DeyJpZCI6NTgwLCJ1cmwiOiJodHRwczpcL1wvbW9udGF6ZWNobGF6ZW5pLmN6XC93cC1jb250ZW50XC91cGxvYWRzXC8yMDI2XC8wM1wvMjAyNTA2MDNfMTMxMzQzLmpwZyIsInNsaWRlc2hvdyI6IjM3NmZhN2MifQ%3D%3D\" href='https:\/\/montazechlazeni.cz\/wp-content\/uploads\/2026\/03\/20250603_131343.jpg'><img decoding=\"async\" width=\"400\" height=\"400\" src=\"https:\/\/montazechlazeni.cz\/wp-content\/uploads\/2026\/03\/20250603_131343-400x400.jpg\" class=\"attachment-_nx_notification_thumb_400_400 size-_nx_notification_thumb_400_400\" alt=\"\" srcset=\"https:\/\/montazechlazeni.cz\/wp-content\/uploads\/2026\/03\/20250603_131343-400x400.jpg 400w, https:\/\/montazechlazeni.cz\/wp-content\/uploads\/2026\/03\/20250603_131343-150x150.jpg 150w, https:\/\/montazechlazeni.cz\/wp-content\/uploads\/2026\/03\/20250603_131343-100x100.jpg 100w, https:\/\/montazechlazeni.cz\/wp-content\/uploads\/2026\/03\/20250603_131343-200x200.jpg 200w, https:\/\/montazechlazeni.cz\/wp-content\/uploads\/2026\/03\/20250603_131343-300x300.jpg 300w, https:\/\/montazechlazeni.cz\/wp-content\/uploads\/2026\/03\/20250603_131343-500x500.jpg 500w\" sizes=\"(max-width: 400px) 100vw, 400px\" \/><\/a>\n\t\t\t<\/div><\/figure><figure class='gallery-item'>\n\t\t\t<div class='gallery-icon landscape'>\n\t\t\t\t<a data-elementor-open-lightbox=\"yes\" data-elementor-lightbox-slideshow=\"376fa7c\" data-elementor-lightbox-title=\"IMG-20250417-WA0001\" data-e-action-hash=\"#elementor-action%3Aaction%3Dlightbox%26settings%3DeyJpZCI6NTgxLCJ1cmwiOiJodHRwczpcL1wvbW9udGF6ZWNobGF6ZW5pLmN6XC93cC1jb250ZW50XC91cGxvYWRzXC8yMDI2XC8wM1wvSU1HLTIwMjUwNDE3LVdBMDAwMS5qcGciLCJzbGlkZXNob3ciOiIzNzZmYTdjIn0%3D\" href='https:\/\/montazechlazeni.cz\/wp-content\/uploads\/2026\/03\/IMG-20250417-WA0001.jpg'><img decoding=\"async\" width=\"400\" height=\"400\" src=\"https:\/\/montazechlazeni.cz\/wp-content\/uploads\/2026\/03\/IMG-20250417-WA0001-400x400.jpg\" class=\"attachment-_nx_notification_thumb_400_400 size-_nx_notification_thumb_400_400\" alt=\"\" srcset=\"https:\/\/montazechlazeni.cz\/wp-content\/uploads\/2026\/03\/IMG-20250417-WA0001-400x400.jpg 400w, https:\/\/montazechlazeni.cz\/wp-content\/uploads\/2026\/03\/IMG-20250417-WA0001-150x150.jpg 150w, https:\/\/montazechlazeni.cz\/wp-content\/uploads\/2026\/03\/IMG-20250417-WA0001-100x100.jpg 100w, https:\/\/montazechlazeni.cz\/wp-content\/uploads\/2026\/03\/IMG-20250417-WA0001-200x200.jpg 200w, https:\/\/montazechlazeni.cz\/wp-content\/uploads\/2026\/03\/IMG-20250417-WA0001-300x300.jpg 300w, https:\/\/montazechlazeni.cz\/wp-content\/uploads\/2026\/03\/IMG-20250417-WA0001-500x500.jpg 500w\" sizes=\"(max-width: 400px) 100vw, 400px\" \/><\/a>\n\t\t\t<\/div><\/figure><figure class='gallery-item'>\n\t\t\t<div class='gallery-icon landscape'>\n\t\t\t\t<a data-elementor-open-lightbox=\"yes\" data-elementor-lightbox-slideshow=\"376fa7c\" data-elementor-lightbox-title=\"IMG-20250417-WA0008\" data-e-action-hash=\"#elementor-action%3Aaction%3Dlightbox%26settings%3DeyJpZCI6NTgyLCJ1cmwiOiJodHRwczpcL1wvbW9udGF6ZWNobGF6ZW5pLmN6XC93cC1jb250ZW50XC91cGxvYWRzXC8yMDI2XC8wM1wvSU1HLTIwMjUwNDE3LVdBMDAwOC5qcGciLCJzbGlkZXNob3ciOiIzNzZmYTdjIn0%3D\" href='https:\/\/montazechlazeni.cz\/wp-content\/uploads\/2026\/03\/IMG-20250417-WA0008.jpg'><img loading=\"lazy\" decoding=\"async\" width=\"400\" height=\"400\" src=\"https:\/\/montazechlazeni.cz\/wp-content\/uploads\/2026\/03\/IMG-20250417-WA0008-400x400.jpg\" class=\"attachment-_nx_notification_thumb_400_400 size-_nx_notification_thumb_400_400\" alt=\"\" srcset=\"https:\/\/montazechlazeni.cz\/wp-content\/uploads\/2026\/03\/IMG-20250417-WA0008-400x400.jpg 400w, https:\/\/montazechlazeni.cz\/wp-content\/uploads\/2026\/03\/IMG-20250417-WA0008-150x150.jpg 150w, https:\/\/montazechlazeni.cz\/wp-content\/uploads\/2026\/03\/IMG-20250417-WA0008-100x100.jpg 100w, https:\/\/montazechlazeni.cz\/wp-content\/uploads\/2026\/03\/IMG-20250417-WA0008-200x200.jpg 200w, https:\/\/montazechlazeni.cz\/wp-content\/uploads\/2026\/03\/IMG-20250417-WA0008-300x300.jpg 300w, https:\/\/montazechlazeni.cz\/wp-content\/uploads\/2026\/03\/IMG-20250417-WA0008-500x500.jpg 500w\" sizes=\"(max-width: 400px) 100vw, 400px\" \/><\/a>\n\t\t\t<\/div><\/figure>\n\t\t<\/div>\n\t\t<\/div>\n\t\t\t\t\t\t<\/div>\n\t\t\t\t<div class=\"elementor-element elementor-element-c6a5b2a elementor-widget elementor-widget-heading\" data-id=\"c6a5b2a\" data-element_type=\"widget\" data-e-type=\"widget\" data-widget_type=\"heading.default\">\n\t\t\t\t\t<h3 class=\"elementor-heading-title elementor-size-default\">EKOMILK s.r.o.  Fr\u00fddek - M\u00edstek<\/h3>\t\t\t\t<\/div>\n\t\t\t\t<div class=\"elementor-element elementor-element-fd3b12f elementor-widget elementor-widget-text-editor\" data-id=\"fd3b12f\" data-element_type=\"widget\" data-e-type=\"widget\" data-widget_type=\"text-editor.default\">\n\t\t\t\t\t\t\t\t\t<p>Chladi\u010de expedice 2023<\/p>\t\t\t\t\t\t\t\t<\/div>\n\t\t\t\t<div class=\"elementor-element elementor-element-7d37c71 gallery-spacing-custom elementor-widget__width-inherit elementor-widget elementor-widget-image-gallery\" data-id=\"7d37c71\" data-element_type=\"widget\" data-e-type=\"widget\" data-widget_type=\"image-gallery.default\">\n\t\t\t\t\t\t\t<div class=\"elementor-image-gallery\">\n\t\t\t<div id='gallery-2' class='gallery galleryid-53 gallery-columns-4 gallery-size-_nx_notification_thumb_400_400'><figure class='gallery-item'>\n\t\t\t<div class='gallery-icon landscape'>\n\t\t\t\t<a data-elementor-open-lightbox=\"yes\" data-elementor-lightbox-slideshow=\"7d37c71\" data-elementor-lightbox-title=\"20220428_131143\" data-e-action-hash=\"#elementor-action%3Aaction%3Dlightbox%26settings%3DeyJpZCI6NTc1LCJ1cmwiOiJodHRwczpcL1wvbW9udGF6ZWNobGF6ZW5pLmN6XC93cC1jb250ZW50XC91cGxvYWRzXC8yMDI2XC8wM1wvMjAyMjA0MjhfMTMxMTQzLmpwZyIsInNsaWRlc2hvdyI6IjdkMzdjNzEifQ%3D%3D\" href='https:\/\/montazechlazeni.cz\/wp-content\/uploads\/2026\/03\/20220428_131143.jpg'><img loading=\"lazy\" decoding=\"async\" width=\"400\" height=\"400\" src=\"https:\/\/montazechlazeni.cz\/wp-content\/uploads\/2026\/03\/20220428_131143-400x400.jpg\" class=\"attachment-_nx_notification_thumb_400_400 size-_nx_notification_thumb_400_400\" alt=\"\" srcset=\"https:\/\/montazechlazeni.cz\/wp-content\/uploads\/2026\/03\/20220428_131143-400x400.jpg 400w, https:\/\/montazechlazeni.cz\/wp-content\/uploads\/2026\/03\/20220428_131143-150x150.jpg 150w, https:\/\/montazechlazeni.cz\/wp-content\/uploads\/2026\/03\/20220428_131143-100x100.jpg 100w, https:\/\/montazechlazeni.cz\/wp-content\/uploads\/2026\/03\/20220428_131143-200x200.jpg 200w, https:\/\/montazechlazeni.cz\/wp-content\/uploads\/2026\/03\/20220428_131143-300x300.jpg 300w, https:\/\/montazechlazeni.cz\/wp-content\/uploads\/2026\/03\/20220428_131143-500x500.jpg 500w\" sizes=\"(max-width: 400px) 100vw, 400px\" \/><\/a>\n\t\t\t<\/div><\/figure><figure class='gallery-item'>\n\t\t\t<div class='gallery-icon landscape'>\n\t\t\t\t<a data-elementor-open-lightbox=\"yes\" data-elementor-lightbox-slideshow=\"7d37c71\" data-elementor-lightbox-title=\"20220428_131208\" data-e-action-hash=\"#elementor-action%3Aaction%3Dlightbox%26settings%3DeyJpZCI6NTc2LCJ1cmwiOiJodHRwczpcL1wvbW9udGF6ZWNobGF6ZW5pLmN6XC93cC1jb250ZW50XC91cGxvYWRzXC8yMDI2XC8wM1wvMjAyMjA0MjhfMTMxMjA4LmpwZyIsInNsaWRlc2hvdyI6IjdkMzdjNzEifQ%3D%3D\" href='https:\/\/montazechlazeni.cz\/wp-content\/uploads\/2026\/03\/20220428_131208.jpg'><img loading=\"lazy\" decoding=\"async\" width=\"400\" height=\"400\" src=\"https:\/\/montazechlazeni.cz\/wp-content\/uploads\/2026\/03\/20220428_131208-400x400.jpg\" class=\"attachment-_nx_notification_thumb_400_400 size-_nx_notification_thumb_400_400\" alt=\"\" srcset=\"https:\/\/montazechlazeni.cz\/wp-content\/uploads\/2026\/03\/20220428_131208-400x400.jpg 400w, https:\/\/montazechlazeni.cz\/wp-content\/uploads\/2026\/03\/20220428_131208-150x150.jpg 150w, https:\/\/montazechlazeni.cz\/wp-content\/uploads\/2026\/03\/20220428_131208-100x100.jpg 100w, https:\/\/montazechlazeni.cz\/wp-content\/uploads\/2026\/03\/20220428_131208-200x200.jpg 200w, https:\/\/montazechlazeni.cz\/wp-content\/uploads\/2026\/03\/20220428_131208-300x300.jpg 300w, https:\/\/montazechlazeni.cz\/wp-content\/uploads\/2026\/03\/20220428_131208-500x500.jpg 500w\" sizes=\"(max-width: 400px) 100vw, 400px\" \/><\/a>\n\t\t\t<\/div><\/figure><figure class='gallery-item'>\n\t\t\t<div class='gallery-icon landscape'>\n\t\t\t\t<a data-elementor-open-lightbox=\"yes\" data-elementor-lightbox-slideshow=\"7d37c71\" data-elementor-lightbox-title=\"20220428_131218\" data-e-action-hash=\"#elementor-action%3Aaction%3Dlightbox%26settings%3DeyJpZCI6NTc3LCJ1cmwiOiJodHRwczpcL1wvbW9udGF6ZWNobGF6ZW5pLmN6XC93cC1jb250ZW50XC91cGxvYWRzXC8yMDI2XC8wM1wvMjAyMjA0MjhfMTMxMjE4LmpwZyIsInNsaWRlc2hvdyI6IjdkMzdjNzEifQ%3D%3D\" href='https:\/\/montazechlazeni.cz\/wp-content\/uploads\/2026\/03\/20220428_131218.jpg'><img loading=\"lazy\" decoding=\"async\" width=\"400\" height=\"400\" src=\"https:\/\/montazechlazeni.cz\/wp-content\/uploads\/2026\/03\/20220428_131218-400x400.jpg\" class=\"attachment-_nx_notification_thumb_400_400 size-_nx_notification_thumb_400_400\" alt=\"\" srcset=\"https:\/\/montazechlazeni.cz\/wp-content\/uploads\/2026\/03\/20220428_131218-400x400.jpg 400w, https:\/\/montazechlazeni.cz\/wp-content\/uploads\/2026\/03\/20220428_131218-150x150.jpg 150w, https:\/\/montazechlazeni.cz\/wp-content\/uploads\/2026\/03\/20220428_131218-100x100.jpg 100w, https:\/\/montazechlazeni.cz\/wp-content\/uploads\/2026\/03\/20220428_131218-200x200.jpg 200w, https:\/\/montazechlazeni.cz\/wp-content\/uploads\/2026\/03\/20220428_131218-300x300.jpg 300w, https:\/\/montazechlazeni.cz\/wp-content\/uploads\/2026\/03\/20220428_131218-500x500.jpg 500w\" sizes=\"(max-width: 400px) 100vw, 400px\" \/><\/a>\n\t\t\t<\/div><\/figure><figure class='gallery-item'>\n\t\t\t<div class='gallery-icon landscape'>\n\t\t\t\t<a data-elementor-open-lightbox=\"yes\" data-elementor-lightbox-slideshow=\"7d37c71\" data-elementor-lightbox-title=\"20220428_131234\" data-e-action-hash=\"#elementor-action%3Aaction%3Dlightbox%26settings%3DeyJpZCI6NTc4LCJ1cmwiOiJodHRwczpcL1wvbW9udGF6ZWNobGF6ZW5pLmN6XC93cC1jb250ZW50XC91cGxvYWRzXC8yMDI2XC8wM1wvMjAyMjA0MjhfMTMxMjM0LmpwZyIsInNsaWRlc2hvdyI6IjdkMzdjNzEifQ%3D%3D\" href='https:\/\/montazechlazeni.cz\/wp-content\/uploads\/2026\/03\/20220428_131234.jpg'><img loading=\"lazy\" decoding=\"async\" width=\"400\" height=\"400\" src=\"https:\/\/montazechlazeni.cz\/wp-content\/uploads\/2026\/03\/20220428_131234-400x400.jpg\" class=\"attachment-_nx_notification_thumb_400_400 size-_nx_notification_thumb_400_400\" alt=\"\" srcset=\"https:\/\/montazechlazeni.cz\/wp-content\/uploads\/2026\/03\/20220428_131234-400x400.jpg 400w, https:\/\/montazechlazeni.cz\/wp-content\/uploads\/2026\/03\/20220428_131234-150x150.jpg 150w, https:\/\/montazechlazeni.cz\/wp-content\/uploads\/2026\/03\/20220428_131234-100x100.jpg 100w, https:\/\/montazechlazeni.cz\/wp-content\/uploads\/2026\/03\/20220428_131234-200x200.jpg 200w, https:\/\/montazechlazeni.cz\/wp-content\/uploads\/2026\/03\/20220428_131234-300x300.jpg 300w, https:\/\/montazechlazeni.cz\/wp-content\/uploads\/2026\/03\/20220428_131234-500x500.jpg 500w\" sizes=\"(max-width: 400px) 100vw, 400px\" \/><\/a>\n\t\t\t<\/div><\/figure>\n\t\t<\/div>\n\t\t<\/div>\n\t\t\t\t\t\t<\/div>\n\t\t\t\t\t<\/div>\n\t\t<\/div>\n\t\t\t\t\t<\/div>\n\t\t<\/section>\n\t\t\t\t<\/div>\n\t\t","protected":false},"excerpt":{"rendered":"<p>Chladic\u00ed syst\u00e9my pro ml\u00e9k\u00e1rny Navrhujeme a realizujeme chladic\u00ed syst\u00e9my pro ml\u00e9k\u00e1rensk\u00e9 provozy s d\u016frazem na hygienu, stabiln\u00ed teplotn\u00ed re\u017eimy a energeticky \u00fasporn\u00fd provoz. \u0158e\u0161en\u00ed p\u0159izp\u016fsobujeme specifick\u00fdm po\u017eadavk\u016fm v\u00fdroby i skladov\u00e1n\u00ed ml\u00e9ka a ml\u00e9\u010dn\u00fdch v\u00fdrobk\u016f. Zaji\u0161\u0165ujeme chlazen\u00ed pro p\u0159\u00edjem a skladov\u00e1n\u00ed syrov\u00e9ho ml\u00e9ka, technologick\u00e9 chlazen\u00ed p\u0159i v\u00fdrob\u011b, zr\u00e1n\u00ed produkt\u016f i chlad\u00edrensk\u00e9 a mraz\u00edrensk\u00e9 sklady hotov\u00fdch v\u00fdrobk\u016f. [&hellip;]<\/p>\n","protected":false},"author":1,"featured_media":0,"parent":50,"menu_order":0,"comment_status":"closed","ping_status":"closed","template":"elementor_header_footer","meta":{"_eb_attr":"","_monsterinsights_skip_tracking":false,"_monsterinsights_sitenote_active":false,"_monsterinsights_sitenote_note":"","_monsterinsights_sitenote_category":0,"footnotes":""},"class_list":["post-53","page","type-page","status-publish","hentry"],"aioseo_notices":[],"_links":{"self":[{"href":"https:\/\/montazechlazeni.cz\/index.php\/wp-json\/wp\/v2\/pages\/53","targetHints":{"allow":["GET"]}}],"collection":[{"href":"https:\/\/montazechlazeni.cz\/index.php\/wp-json\/wp\/v2\/pages"}],"about":[{"href":"https:\/\/montazechlazeni.cz\/index.php\/wp-json\/wp\/v2\/types\/page"}],"author":[{"embeddable":true,"href":"https:\/\/montazechlazeni.cz\/index.php\/wp-json\/wp\/v2\/users\/1"}],"replies":[{"embeddable":true,"href":"https:\/\/montazechlazeni.cz\/index.php\/wp-json\/wp\/v2\/comments?post=53"}],"version-history":[{"count":20,"href":"https:\/\/montazechlazeni.cz\/index.php\/wp-json\/wp\/v2\/pages\/53\/revisions"}],"predecessor-version":[{"id":775,"href":"https:\/\/montazechlazeni.cz\/index.php\/wp-json\/wp\/v2\/pages\/53\/revisions\/775"}],"up":[{"embeddable":true,"href":"https:\/\/montazechlazeni.cz\/index.php\/wp-json\/wp\/v2\/pages\/50"}],"wp:attachment":[{"href":"https:\/\/montazechlazeni.cz\/index.php\/wp-json\/wp\/v2\/media?parent=53"}],"curies":[{"name":"wp","href":"https:\/\/api.w.org\/{rel}","templated":true}]}}