{"id":464,"date":"2026-03-22T09:09:51","date_gmt":"2026-03-22T08:09:51","guid":{"rendered":"https:\/\/montazechlazeni.cz\/?page_id=464"},"modified":"2026-04-12T17:23:28","modified_gmt":"2026-04-12T15:23:28","slug":"kariera","status":"publish","type":"page","link":"https:\/\/montazechlazeni.cz\/index.php\/kariera\/","title":{"rendered":"Kari\u00e9ra"},"content":{"rendered":"\t\t<div data-elementor-type=\"wp-page\" data-elementor-id=\"464\" class=\"elementor elementor-464\">\n\t\t\t\t\t\t<section class=\"elementor-section elementor-top-section elementor-element elementor-element-5b79454 elementor-section-boxed elementor-section-height-default elementor-section-height-default\" data-id=\"5b79454\" data-element_type=\"section\" data-e-type=\"section\">\n\t\t\t\t\t\t<div class=\"elementor-container elementor-column-gap-no\">\n\t\t\t\t\t<div class=\"elementor-column elementor-col-100 elementor-top-column elementor-element elementor-element-b66843a\" data-id=\"b66843a\" data-element_type=\"column\" data-e-type=\"column\">\n\t\t\t<div class=\"elementor-widget-wrap elementor-element-populated\">\n\t\t\t\t\t\t<div class=\"elementor-element elementor-element-d5b115e elementor-invisible elementor-widget elementor-widget-heading\" data-id=\"d5b115e\" data-element_type=\"widget\" data-e-type=\"widget\" data-settings=\"{&quot;_animation&quot;:&quot;zoomIn&quot;}\" data-widget_type=\"heading.default\">\n\t\t\t\t\t<h2 class=\"elementor-heading-title elementor-size-default\">KARI\u00c9RA<\/h2>\t\t\t\t<\/div>\n\t\t\t\t<div class=\"elementor-element elementor-element-f74e120 elementor-widget elementor-widget-heading\" data-id=\"f74e120\" data-element_type=\"widget\" data-e-type=\"widget\" data-widget_type=\"heading.default\">\n\t\t\t\t\t<h2 class=\"elementor-heading-title elementor-size-default\">Hled\u00e1me mont\u00e9ry \u2013 sv\u00e1\u0159e\u010de<\/h2>\t\t\t\t<\/div>\n\t\t\t\t<div class=\"elementor-element elementor-element-80a954a elementor-widget__width-initial elementor-widget-mobile__width-inherit elementor-widget elementor-widget-text-editor\" data-id=\"80a954a\" data-element_type=\"widget\" data-e-type=\"widget\" data-widget_type=\"text-editor.default\">\n\t\t\t\t\t\t\t\t\t<p><strong>Nab\u00edz\u00edme:<\/strong><\/p><ul><li>pracovn\u00ed doba Po \u2013 \u010ct (na mont\u00e1\u017ei)<\/li><li>roz\u0161\u00ed\u0159en\u00ed sv\u00e1\u0159ec\u00edho opr\u00e1vn\u011bn\u00ed<\/li><li>slu\u017eebn\u00ed telefon<\/li><li>automatick\u00e1 valorizace mzdy minim\u00e1ln\u011b na \u00farovni ro\u010dn\u00ed inflace<\/li><li>profesn\u00ed vzd\u011bl\u00e1v\u00e1n\u00ed<\/li><li>v\u00e1no\u010dn\u00ed odm\u011bna ve v\u00fd\u0161i min.1 t\u00fddne mzdy<\/li><li>po zku\u0161ebn\u00ed dob\u011b smlouva na dobu neur\u010ditou<\/li><\/ul>\t\t\t\t\t\t\t\t<\/div>\n\t\t\t\t<div class=\"elementor-element elementor-element-18e7a43 elementor-widget__width-initial elementor-widget-mobile__width-inherit elementor-widget elementor-widget-text-editor\" data-id=\"18e7a43\" data-element_type=\"widget\" data-e-type=\"widget\" data-widget_type=\"text-editor.default\">\n\t\t\t\t\t\t\t\t\t<p><strong>Po\u017eadavky:<\/strong><\/p><ul><li>flexibilita v\u00a0p\u0159\u00edpad\u011b po\u017eadavku z\u00e1kazn\u00edka<\/li><li>minim\u00e1ln\u011b z\u00e1kladn\u00ed sv\u00e1\u0159ec\u00ed kurz<\/li><li>\u0159idi\u010dsk\u00fd pr\u016fkaz skupiny B<\/li><li>technick\u00e9 vzd\u011bl\u00e1n\u00ed (vyu\u010den \/ s\u00a0maturitou)<\/li><li>chu\u0165 jezdit po mont\u00e1\u017en\u00edch pracovi\u0161t\u00edch po cel\u00e9 \u010cR<\/li><li>sv\u00e1\u0159e\u010dsk\u00e9 opr\u00e1vn\u011bn\u00ed<\/li><\/ul>\t\t\t\t\t\t\t\t<\/div>\n\t\t\t\t\t<\/div>\n\t\t<\/div>\n\t\t\t\t\t<\/div>\n\t\t<\/section>\n\t\t\t\t<section class=\"elementor-section elementor-top-section elementor-element elementor-element-d6df609 elementor-section-boxed elementor-section-height-default elementor-section-height-default\" data-id=\"d6df609\" data-element_type=\"section\" data-e-type=\"section\">\n\t\t\t\t\t\t<div class=\"elementor-container elementor-column-gap-no\">\n\t\t\t\t\t<div class=\"elementor-column elementor-col-100 elementor-top-column elementor-element elementor-element-8cbfdf9\" data-id=\"8cbfdf9\" data-element_type=\"column\" data-e-type=\"column\">\n\t\t\t<div class=\"elementor-widget-wrap elementor-element-populated\">\n\t\t\t\t\t\t<div class=\"elementor-element elementor-element-e063b30 elementor-widget elementor-widget-heading\" data-id=\"e063b30\" data-element_type=\"widget\" data-e-type=\"widget\" data-widget_type=\"heading.default\">\n\t\t\t\t\t<h2 class=\"elementor-heading-title elementor-size-default\">Hled\u00e1me mont\u00e9ry \u2013 p\u0159\u00edprav\u00e1\u0159e<\/h2>\t\t\t\t<\/div>\n\t\t\t\t<div class=\"elementor-element elementor-element-9874a83 elementor-widget__width-initial elementor-widget-mobile__width-inherit elementor-widget elementor-widget-text-editor\" data-id=\"9874a83\" data-element_type=\"widget\" data-e-type=\"widget\" data-widget_type=\"text-editor.default\">\n\t\t\t\t\t\t\t\t\t<p><strong>Nab\u00edz\u00edme:<\/strong><\/p><ul><li>pracovn\u00ed doba Po \u2013 \u010ct (na mont\u00e1\u017ei)<\/li><li>slu\u017eebn\u00ed telefon<\/li><li>automatick\u00e1 valorizace mzdy minim\u00e1ln\u011b na \u00farovni ro\u010dn\u00ed inflace<\/li><li>profesn\u00ed vzd\u011bl\u00e1v\u00e1n\u00ed<\/li><li>v\u00e1no\u010dn\u00ed odm\u011bna ve v\u00fd\u0161i min.1 t\u00fddne mzdy<\/li><li>po zku\u0161ebn\u00ed dob\u011b smlouva na dobu neur\u010ditou<\/li><\/ul>\t\t\t\t\t\t\t\t<\/div>\n\t\t\t\t<div class=\"elementor-element elementor-element-3e59440 elementor-widget__width-initial elementor-widget-mobile__width-inherit elementor-widget elementor-widget-text-editor\" data-id=\"3e59440\" data-element_type=\"widget\" data-e-type=\"widget\" data-widget_type=\"text-editor.default\">\n\t\t\t\t\t\t\t\t\t<p><strong>Po\u017eadavky:<\/strong><\/p><ul><li>flexibilita v\u00a0p\u0159\u00edpad\u011b po\u017eadavku z\u00e1kazn\u00edka<\/li><li>manu\u00e1ln\u00ed zru\u010dnost<\/li><li>\u0159idi\u010dsk\u00fd pr\u016fkaz skupiny B<\/li><li>vyu\u010den v\u00a0technick\u00e9m oboru<\/li><li>chu\u0165 jezdit po mont\u00e1\u017en\u00edch pracovi\u0161t\u00edch po cel\u00e9 \u010cR<\/li><\/ul>\t\t\t\t\t\t\t\t<\/div>\n\t\t\t\t\t<\/div>\n\t\t<\/div>\n\t\t\t\t\t<\/div>\n\t\t<\/section>\n\t\t\t\t<\/div>\n\t\t","protected":false},"excerpt":{"rendered":"<p>KARI\u00c9RA Hled\u00e1me mont\u00e9ry \u2013 sv\u00e1\u0159e\u010de Nab\u00edz\u00edme: pracovn\u00ed doba Po \u2013 \u010ct (na mont\u00e1\u017ei) roz\u0161\u00ed\u0159en\u00ed sv\u00e1\u0159ec\u00edho opr\u00e1vn\u011bn\u00ed slu\u017eebn\u00ed telefon automatick\u00e1 valorizace mzdy minim\u00e1ln\u011b na \u00farovni ro\u010dn\u00ed inflace profesn\u00ed vzd\u011bl\u00e1v\u00e1n\u00ed v\u00e1no\u010dn\u00ed odm\u011bna ve v\u00fd\u0161i min.1 t\u00fddne mzdy po zku\u0161ebn\u00ed dob\u011b smlouva na dobu neur\u010ditou Po\u017eadavky: flexibilita v\u00a0p\u0159\u00edpad\u011b po\u017eadavku z\u00e1kazn\u00edka minim\u00e1ln\u011b z\u00e1kladn\u00ed sv\u00e1\u0159ec\u00ed kurz \u0159idi\u010dsk\u00fd pr\u016fkaz skupiny B [&hellip;]<\/p>\n","protected":false},"author":1,"featured_media":0,"parent":0,"menu_order":0,"comment_status":"closed","ping_status":"closed","template":"elementor_header_footer","meta":{"_eb_attr":"","_monsterinsights_skip_tracking":false,"_monsterinsights_sitenote_active":false,"_monsterinsights_sitenote_note":"","_monsterinsights_sitenote_category":0,"footnotes":""},"class_list":["post-464","page","type-page","status-publish","hentry"],"aioseo_notices":[],"_links":{"self":[{"href":"https:\/\/montazechlazeni.cz\/index.php\/wp-json\/wp\/v2\/pages\/464","targetHints":{"allow":["GET"]}}],"collection":[{"href":"https:\/\/montazechlazeni.cz\/index.php\/wp-json\/wp\/v2\/pages"}],"about":[{"href":"https:\/\/montazechlazeni.cz\/index.php\/wp-json\/wp\/v2\/types\/page"}],"author":[{"embeddable":true,"href":"https:\/\/montazechlazeni.cz\/index.php\/wp-json\/wp\/v2\/users\/1"}],"replies":[{"embeddable":true,"href":"https:\/\/montazechlazeni.cz\/index.php\/wp-json\/wp\/v2\/comments?post=464"}],"version-history":[{"count":22,"href":"https:\/\/montazechlazeni.cz\/index.php\/wp-json\/wp\/v2\/pages\/464\/revisions"}],"predecessor-version":[{"id":733,"href":"https:\/\/montazechlazeni.cz\/index.php\/wp-json\/wp\/v2\/pages\/464\/revisions\/733"}],"wp:attachment":[{"href":"https:\/\/montazechlazeni.cz\/index.php\/wp-json\/wp\/v2\/media?parent=464"}],"curies":[{"name":"wp","href":"https:\/\/api.w.org\/{rel}","templated":true}]}}