{"id":456,"date":"2026-03-22T09:03:24","date_gmt":"2026-03-22T08:03:24","guid":{"rendered":"https:\/\/montazechlazeni.cz\/?page_id=456"},"modified":"2026-03-29T14:55:24","modified_gmt":"2026-03-29T12:55:24","slug":"sklady","status":"publish","type":"page","link":"https:\/\/montazechlazeni.cz\/index.php\/reference\/sklady\/","title":{"rendered":"Sklady"},"content":{"rendered":"\t\t<div data-elementor-type=\"wp-page\" data-elementor-id=\"456\" class=\"elementor elementor-456\">\n\t\t\t\t\t\t<section class=\"elementor-section elementor-top-section elementor-element elementor-element-c5c0cb0 elementor-section-boxed elementor-section-height-default elementor-section-height-default\" data-id=\"c5c0cb0\" data-element_type=\"section\" data-e-type=\"section\">\n\t\t\t\t\t\t<div class=\"elementor-container elementor-column-gap-no\">\n\t\t\t\t\t<div class=\"elementor-column elementor-col-100 elementor-top-column elementor-element elementor-element-6c810d6\" data-id=\"6c810d6\" data-element_type=\"column\" data-e-type=\"column\">\n\t\t\t<div class=\"elementor-widget-wrap elementor-element-populated\">\n\t\t\t\t\t\t<div class=\"elementor-element elementor-element-26c94f2 elementor-invisible elementor-widget elementor-widget-heading\" data-id=\"26c94f2\" data-element_type=\"widget\" data-e-type=\"widget\" data-settings=\"{&quot;_animation&quot;:&quot;fadeInUp&quot;}\" data-widget_type=\"heading.default\">\n\t\t\t\t\t<h2 class=\"elementor-heading-title elementor-size-default\">Chladic\u00ed syst\u00e9my pro sklady<\/h2>\t\t\t\t<\/div>\n\t\t\t\t<div class=\"elementor-element elementor-element-c6164a1 elementor-widget__width-initial elementor-invisible elementor-widget elementor-widget-image\" data-id=\"c6164a1\" data-element_type=\"widget\" data-e-type=\"widget\" data-settings=\"{&quot;_animation&quot;:&quot;zoomIn&quot;,&quot;_animation_delay&quot;:200}\" data-widget_type=\"image.default\">\n\t\t\t\t\t\t\t\t\t\t\t\t\t\t\t<img decoding=\"async\" src=\"https:\/\/montazechlazeni.cz\/wp-content\/uploads\/elementor\/thumbs\/20240522_135954-rl80frcjbs303wmdir3kupbmvno293zygd1pmlyzv4.jpg\" title=\"20240522_135954\" alt=\"20240522_135954\" loading=\"lazy\" \/>\t\t\t\t\t\t\t\t\t\t\t\t\t\t\t<\/div>\n\t\t\t\t<div class=\"elementor-element elementor-element-0b2876a elementor-invisible elementor-widget elementor-widget-text-editor\" data-id=\"0b2876a\" data-element_type=\"widget\" data-e-type=\"widget\" data-settings=\"{&quot;_animation&quot;:&quot;fadeInUp&quot;}\" data-widget_type=\"text-editor.default\">\n\t\t\t\t\t\t\t\t\t<p data-start=\"35\" data-end=\"268\">Navrhujeme a realizujeme chladic\u00ed syst\u00e9my pro skladov\u00e9 prostory s d\u016frazem na spolehliv\u00fd provoz, rovnom\u011brn\u00e9 teplotn\u00ed podm\u00ednky a energetickou efektivitu. \u0158e\u0161en\u00ed p\u0159izp\u016fsobujeme typu skladovan\u00e9ho zbo\u017e\u00ed i po\u017eadovan\u00e9mu teplotn\u00edmu re\u017eimu.<\/p><p data-start=\"270\" data-end=\"488\">Zaji\u0161\u0165ujeme chlazen\u00ed chlad\u00edrensk\u00fdch i mraz\u00edrensk\u00fdch sklad\u016f, distribu\u010dn\u00edch center a logistick\u00fdch hal. D\u016fraz klademe na stabiln\u00ed teploty v cel\u00e9m prostoru, minimalizaci tepeln\u00fdch ztr\u00e1t a optimalizaci provozn\u00edch n\u00e1klad\u016f.<\/p><p data-start=\"490\" data-end=\"621\" data-is-last-node=\"\" data-is-only-node=\"\">Ka\u017ed\u00fd projekt navrhujeme individu\u00e1ln\u011b podle velikosti skladu, zp\u016fsobu manipulace se zbo\u017e\u00edm a po\u017eadovan\u00fdch teplotn\u00edch podm\u00ednek.<\/p>\t\t\t\t\t\t\t\t<\/div>\n\t\t\t\t<div class=\"elementor-element elementor-element-ff867cd elementor-widget elementor-widget-heading\" data-id=\"ff867cd\" data-element_type=\"widget\" data-e-type=\"widget\" data-widget_type=\"heading.default\">\n\t\t\t\t\t<h3 class=\"elementor-heading-title elementor-size-default\">Distribu\u010dn\u00ed centrum LIDL Bravantice pro CARRIER 2024<\/h3>\t\t\t\t<\/div>\n\t\t\t\t<div class=\"elementor-element elementor-element-533d485 gallery-spacing-custom elementor-widget__width-inherit elementor-widget elementor-widget-image-gallery\" data-id=\"533d485\" data-element_type=\"widget\" data-e-type=\"widget\" data-widget_type=\"image-gallery.default\">\n\t\t\t\t\t\t\t<div class=\"elementor-image-gallery\">\n\t\t\t<div id='gallery-1' class='gallery galleryid-456 gallery-columns-4 gallery-size-_nx_notification_thumb_400_400'><figure class='gallery-item'>\n\t\t\t<div class='gallery-icon landscape'>\n\t\t\t\t<a data-elementor-open-lightbox=\"yes\" data-elementor-lightbox-slideshow=\"533d485\" data-elementor-lightbox-title=\"20230801_123750\" data-e-action-hash=\"#elementor-action%3Aaction%3Dlightbox%26settings%3DeyJpZCI6NTkzLCJ1cmwiOiJodHRwczpcL1wvbW9udGF6ZWNobGF6ZW5pLmN6XC93cC1jb250ZW50XC91cGxvYWRzXC8yMDI2XC8wM1wvMjAyMzA4MDFfMTIzNzUwLmpwZyIsInNsaWRlc2hvdyI6IjUzM2Q0ODUifQ%3D%3D\" href='https:\/\/montazechlazeni.cz\/wp-content\/uploads\/2026\/03\/20230801_123750.jpg'><img fetchpriority=\"high\" decoding=\"async\" width=\"400\" height=\"400\" src=\"https:\/\/montazechlazeni.cz\/wp-content\/uploads\/2026\/03\/20230801_123750-400x400.jpg\" class=\"attachment-_nx_notification_thumb_400_400 size-_nx_notification_thumb_400_400\" alt=\"\" srcset=\"https:\/\/montazechlazeni.cz\/wp-content\/uploads\/2026\/03\/20230801_123750-400x400.jpg 400w, https:\/\/montazechlazeni.cz\/wp-content\/uploads\/2026\/03\/20230801_123750-150x150.jpg 150w, https:\/\/montazechlazeni.cz\/wp-content\/uploads\/2026\/03\/20230801_123750-100x100.jpg 100w, https:\/\/montazechlazeni.cz\/wp-content\/uploads\/2026\/03\/20230801_123750-200x200.jpg 200w, https:\/\/montazechlazeni.cz\/wp-content\/uploads\/2026\/03\/20230801_123750-300x300.jpg 300w, https:\/\/montazechlazeni.cz\/wp-content\/uploads\/2026\/03\/20230801_123750-500x500.jpg 500w\" sizes=\"(max-width: 400px) 100vw, 400px\" \/><\/a>\n\t\t\t<\/div><\/figure><figure class='gallery-item'>\n\t\t\t<div class='gallery-icon portrait'>\n\t\t\t\t<a data-elementor-open-lightbox=\"yes\" data-elementor-lightbox-slideshow=\"533d485\" data-elementor-lightbox-title=\"20240109_113723\" data-e-action-hash=\"#elementor-action%3Aaction%3Dlightbox%26settings%3DeyJpZCI6NTk0LCJ1cmwiOiJodHRwczpcL1wvbW9udGF6ZWNobGF6ZW5pLmN6XC93cC1jb250ZW50XC91cGxvYWRzXC8yMDI2XC8wM1wvMjAyNDAxMDlfMTEzNzIzLmpwZyIsInNsaWRlc2hvdyI6IjUzM2Q0ODUifQ%3D%3D\" href='https:\/\/montazechlazeni.cz\/wp-content\/uploads\/2026\/03\/20240109_113723.jpg'><img decoding=\"async\" width=\"400\" height=\"400\" src=\"https:\/\/montazechlazeni.cz\/wp-content\/uploads\/2026\/03\/20240109_113723-400x400.jpg\" class=\"attachment-_nx_notification_thumb_400_400 size-_nx_notification_thumb_400_400\" alt=\"\" srcset=\"https:\/\/montazechlazeni.cz\/wp-content\/uploads\/2026\/03\/20240109_113723-400x400.jpg 400w, https:\/\/montazechlazeni.cz\/wp-content\/uploads\/2026\/03\/20240109_113723-150x150.jpg 150w, https:\/\/montazechlazeni.cz\/wp-content\/uploads\/2026\/03\/20240109_113723-100x100.jpg 100w, https:\/\/montazechlazeni.cz\/wp-content\/uploads\/2026\/03\/20240109_113723-200x200.jpg 200w, https:\/\/montazechlazeni.cz\/wp-content\/uploads\/2026\/03\/20240109_113723-300x300.jpg 300w, https:\/\/montazechlazeni.cz\/wp-content\/uploads\/2026\/03\/20240109_113723-500x500.jpg 500w\" sizes=\"(max-width: 400px) 100vw, 400px\" \/><\/a>\n\t\t\t<\/div><\/figure><figure class='gallery-item'>\n\t\t\t<div class='gallery-icon landscape'>\n\t\t\t\t<a data-elementor-open-lightbox=\"yes\" data-elementor-lightbox-slideshow=\"533d485\" data-elementor-lightbox-title=\"20240227_120315\" data-e-action-hash=\"#elementor-action%3Aaction%3Dlightbox%26settings%3DeyJpZCI6NTk1LCJ1cmwiOiJodHRwczpcL1wvbW9udGF6ZWNobGF6ZW5pLmN6XC93cC1jb250ZW50XC91cGxvYWRzXC8yMDI2XC8wM1wvMjAyNDAyMjdfMTIwMzE1LmpwZyIsInNsaWRlc2hvdyI6IjUzM2Q0ODUifQ%3D%3D\" href='https:\/\/montazechlazeni.cz\/wp-content\/uploads\/2026\/03\/20240227_120315.jpg'><img decoding=\"async\" width=\"400\" height=\"400\" src=\"https:\/\/montazechlazeni.cz\/wp-content\/uploads\/2026\/03\/20240227_120315-400x400.jpg\" class=\"attachment-_nx_notification_thumb_400_400 size-_nx_notification_thumb_400_400\" alt=\"\" srcset=\"https:\/\/montazechlazeni.cz\/wp-content\/uploads\/2026\/03\/20240227_120315-400x400.jpg 400w, https:\/\/montazechlazeni.cz\/wp-content\/uploads\/2026\/03\/20240227_120315-150x150.jpg 150w, https:\/\/montazechlazeni.cz\/wp-content\/uploads\/2026\/03\/20240227_120315-100x100.jpg 100w, https:\/\/montazechlazeni.cz\/wp-content\/uploads\/2026\/03\/20240227_120315-200x200.jpg 200w, https:\/\/montazechlazeni.cz\/wp-content\/uploads\/2026\/03\/20240227_120315-300x300.jpg 300w, https:\/\/montazechlazeni.cz\/wp-content\/uploads\/2026\/03\/20240227_120315-500x500.jpg 500w\" sizes=\"(max-width: 400px) 100vw, 400px\" \/><\/a>\n\t\t\t<\/div><\/figure><figure class='gallery-item'>\n\t\t\t<div class='gallery-icon landscape'>\n\t\t\t\t<a data-elementor-open-lightbox=\"yes\" data-elementor-lightbox-slideshow=\"533d485\" data-elementor-lightbox-title=\"20240522_135954\" data-e-action-hash=\"#elementor-action%3Aaction%3Dlightbox%26settings%3DeyJpZCI6NTk2LCJ1cmwiOiJodHRwczpcL1wvbW9udGF6ZWNobGF6ZW5pLmN6XC93cC1jb250ZW50XC91cGxvYWRzXC8yMDI2XC8wM1wvMjAyNDA1MjJfMTM1OTU0LTEuanBnIiwic2xpZGVzaG93IjoiNTMzZDQ4NSJ9\" href='https:\/\/montazechlazeni.cz\/wp-content\/uploads\/2026\/03\/20240522_135954-1.jpg'><img loading=\"lazy\" decoding=\"async\" width=\"400\" height=\"400\" src=\"https:\/\/montazechlazeni.cz\/wp-content\/uploads\/2026\/03\/20240522_135954-1-400x400.jpg\" class=\"attachment-_nx_notification_thumb_400_400 size-_nx_notification_thumb_400_400\" alt=\"\" srcset=\"https:\/\/montazechlazeni.cz\/wp-content\/uploads\/2026\/03\/20240522_135954-1-400x400.jpg 400w, https:\/\/montazechlazeni.cz\/wp-content\/uploads\/2026\/03\/20240522_135954-1-150x150.jpg 150w, https:\/\/montazechlazeni.cz\/wp-content\/uploads\/2026\/03\/20240522_135954-1-100x100.jpg 100w, https:\/\/montazechlazeni.cz\/wp-content\/uploads\/2026\/03\/20240522_135954-1-200x200.jpg 200w, https:\/\/montazechlazeni.cz\/wp-content\/uploads\/2026\/03\/20240522_135954-1-300x300.jpg 300w, https:\/\/montazechlazeni.cz\/wp-content\/uploads\/2026\/03\/20240522_135954-1-500x500.jpg 500w\" sizes=\"(max-width: 400px) 100vw, 400px\" \/><\/a>\n\t\t\t<\/div><\/figure>\n\t\t<\/div>\n\t\t<\/div>\n\t\t\t\t\t\t<\/div>\n\t\t\t\t<div class=\"elementor-element elementor-element-cee3b71 elementor-widget elementor-widget-heading\" data-id=\"cee3b71\" data-element_type=\"widget\" data-e-type=\"widget\" data-widget_type=\"heading.default\">\n\t\t\t\t\t<h3 class=\"elementor-heading-title elementor-size-default\">Logpoint Jihlava pro CARRIER 2022<\/h3>\t\t\t\t<\/div>\n\t\t\t\t<div class=\"elementor-element elementor-element-7d2ef37 gallery-spacing-custom elementor-widget__width-inherit elementor-widget elementor-widget-image-gallery\" data-id=\"7d2ef37\" data-element_type=\"widget\" data-e-type=\"widget\" data-widget_type=\"image-gallery.default\">\n\t\t\t\t\t\t\t<div class=\"elementor-image-gallery\">\n\t\t\t<div id='gallery-2' class='gallery galleryid-456 gallery-columns-4 gallery-size-_nx_notification_thumb_400_400'><figure class='gallery-item'>\n\t\t\t<div class='gallery-icon landscape'>\n\t\t\t\t<a data-elementor-open-lightbox=\"yes\" data-elementor-lightbox-slideshow=\"7d2ef37\" data-elementor-lightbox-title=\"IMG_20220324_112906\" data-e-action-hash=\"#elementor-action%3Aaction%3Dlightbox%26settings%3DeyJpZCI6NTk3LCJ1cmwiOiJodHRwczpcL1wvbW9udGF6ZWNobGF6ZW5pLmN6XC93cC1jb250ZW50XC91cGxvYWRzXC8yMDI2XC8wM1wvSU1HXzIwMjIwMzI0XzExMjkwNi5qcGciLCJzbGlkZXNob3ciOiI3ZDJlZjM3In0%3D\" href='https:\/\/montazechlazeni.cz\/wp-content\/uploads\/2026\/03\/IMG_20220324_112906.jpg'><img loading=\"lazy\" decoding=\"async\" width=\"400\" height=\"400\" src=\"https:\/\/montazechlazeni.cz\/wp-content\/uploads\/2026\/03\/IMG_20220324_112906-400x400.jpg\" class=\"attachment-_nx_notification_thumb_400_400 size-_nx_notification_thumb_400_400\" alt=\"\" srcset=\"https:\/\/montazechlazeni.cz\/wp-content\/uploads\/2026\/03\/IMG_20220324_112906-400x400.jpg 400w, https:\/\/montazechlazeni.cz\/wp-content\/uploads\/2026\/03\/IMG_20220324_112906-150x150.jpg 150w, https:\/\/montazechlazeni.cz\/wp-content\/uploads\/2026\/03\/IMG_20220324_112906-100x100.jpg 100w, https:\/\/montazechlazeni.cz\/wp-content\/uploads\/2026\/03\/IMG_20220324_112906-200x200.jpg 200w, https:\/\/montazechlazeni.cz\/wp-content\/uploads\/2026\/03\/IMG_20220324_112906-300x300.jpg 300w, https:\/\/montazechlazeni.cz\/wp-content\/uploads\/2026\/03\/IMG_20220324_112906-500x500.jpg 500w\" sizes=\"(max-width: 400px) 100vw, 400px\" \/><\/a>\n\t\t\t<\/div><\/figure><figure class='gallery-item'>\n\t\t\t<div class='gallery-icon landscape'>\n\t\t\t\t<a data-elementor-open-lightbox=\"yes\" data-elementor-lightbox-slideshow=\"7d2ef37\" data-elementor-lightbox-title=\"IMG_20220606_134717\" data-e-action-hash=\"#elementor-action%3Aaction%3Dlightbox%26settings%3DeyJpZCI6NTk4LCJ1cmwiOiJodHRwczpcL1wvbW9udGF6ZWNobGF6ZW5pLmN6XC93cC1jb250ZW50XC91cGxvYWRzXC8yMDI2XC8wM1wvSU1HXzIwMjIwNjA2XzEzNDcxNy5qcGciLCJzbGlkZXNob3ciOiI3ZDJlZjM3In0%3D\" href='https:\/\/montazechlazeni.cz\/wp-content\/uploads\/2026\/03\/IMG_20220606_134717.jpg'><img loading=\"lazy\" decoding=\"async\" width=\"400\" height=\"400\" src=\"https:\/\/montazechlazeni.cz\/wp-content\/uploads\/2026\/03\/IMG_20220606_134717-400x400.jpg\" class=\"attachment-_nx_notification_thumb_400_400 size-_nx_notification_thumb_400_400\" alt=\"\" srcset=\"https:\/\/montazechlazeni.cz\/wp-content\/uploads\/2026\/03\/IMG_20220606_134717-400x400.jpg 400w, https:\/\/montazechlazeni.cz\/wp-content\/uploads\/2026\/03\/IMG_20220606_134717-150x150.jpg 150w, https:\/\/montazechlazeni.cz\/wp-content\/uploads\/2026\/03\/IMG_20220606_134717-100x100.jpg 100w, https:\/\/montazechlazeni.cz\/wp-content\/uploads\/2026\/03\/IMG_20220606_134717-200x200.jpg 200w, https:\/\/montazechlazeni.cz\/wp-content\/uploads\/2026\/03\/IMG_20220606_134717-300x300.jpg 300w, https:\/\/montazechlazeni.cz\/wp-content\/uploads\/2026\/03\/IMG_20220606_134717-500x500.jpg 500w\" sizes=\"(max-width: 400px) 100vw, 400px\" \/><\/a>\n\t\t\t<\/div><\/figure><figure class='gallery-item'>\n\t\t\t<div class='gallery-icon landscape'>\n\t\t\t\t<a data-elementor-open-lightbox=\"yes\" data-elementor-lightbox-slideshow=\"7d2ef37\" data-elementor-lightbox-title=\"IMG_20220606_135756\" data-e-action-hash=\"#elementor-action%3Aaction%3Dlightbox%26settings%3DeyJpZCI6NTk5LCJ1cmwiOiJodHRwczpcL1wvbW9udGF6ZWNobGF6ZW5pLmN6XC93cC1jb250ZW50XC91cGxvYWRzXC8yMDI2XC8wM1wvSU1HXzIwMjIwNjA2XzEzNTc1Ni5qcGciLCJzbGlkZXNob3ciOiI3ZDJlZjM3In0%3D\" href='https:\/\/montazechlazeni.cz\/wp-content\/uploads\/2026\/03\/IMG_20220606_135756.jpg'><img loading=\"lazy\" decoding=\"async\" width=\"400\" height=\"400\" src=\"https:\/\/montazechlazeni.cz\/wp-content\/uploads\/2026\/03\/IMG_20220606_135756-400x400.jpg\" class=\"attachment-_nx_notification_thumb_400_400 size-_nx_notification_thumb_400_400\" alt=\"\" srcset=\"https:\/\/montazechlazeni.cz\/wp-content\/uploads\/2026\/03\/IMG_20220606_135756-400x400.jpg 400w, https:\/\/montazechlazeni.cz\/wp-content\/uploads\/2026\/03\/IMG_20220606_135756-150x150.jpg 150w, https:\/\/montazechlazeni.cz\/wp-content\/uploads\/2026\/03\/IMG_20220606_135756-100x100.jpg 100w, https:\/\/montazechlazeni.cz\/wp-content\/uploads\/2026\/03\/IMG_20220606_135756-200x200.jpg 200w, https:\/\/montazechlazeni.cz\/wp-content\/uploads\/2026\/03\/IMG_20220606_135756-300x300.jpg 300w, https:\/\/montazechlazeni.cz\/wp-content\/uploads\/2026\/03\/IMG_20220606_135756-500x500.jpg 500w\" sizes=\"(max-width: 400px) 100vw, 400px\" \/><\/a>\n\t\t\t<\/div><\/figure><figure class='gallery-item'>\n\t\t\t<div class='gallery-icon landscape'>\n\t\t\t\t<a data-elementor-open-lightbox=\"yes\" data-elementor-lightbox-slideshow=\"7d2ef37\" data-elementor-lightbox-title=\"IMG_20220606_143709\" data-e-action-hash=\"#elementor-action%3Aaction%3Dlightbox%26settings%3DeyJpZCI6NjAwLCJ1cmwiOiJodHRwczpcL1wvbW9udGF6ZWNobGF6ZW5pLmN6XC93cC1jb250ZW50XC91cGxvYWRzXC8yMDI2XC8wM1wvSU1HXzIwMjIwNjA2XzE0MzcwOS5qcGciLCJzbGlkZXNob3ciOiI3ZDJlZjM3In0%3D\" href='https:\/\/montazechlazeni.cz\/wp-content\/uploads\/2026\/03\/IMG_20220606_143709.jpg'><img loading=\"lazy\" decoding=\"async\" width=\"400\" height=\"400\" src=\"https:\/\/montazechlazeni.cz\/wp-content\/uploads\/2026\/03\/IMG_20220606_143709-400x400.jpg\" class=\"attachment-_nx_notification_thumb_400_400 size-_nx_notification_thumb_400_400\" alt=\"\" srcset=\"https:\/\/montazechlazeni.cz\/wp-content\/uploads\/2026\/03\/IMG_20220606_143709-400x400.jpg 400w, https:\/\/montazechlazeni.cz\/wp-content\/uploads\/2026\/03\/IMG_20220606_143709-150x150.jpg 150w, https:\/\/montazechlazeni.cz\/wp-content\/uploads\/2026\/03\/IMG_20220606_143709-100x100.jpg 100w, https:\/\/montazechlazeni.cz\/wp-content\/uploads\/2026\/03\/IMG_20220606_143709-200x200.jpg 200w, https:\/\/montazechlazeni.cz\/wp-content\/uploads\/2026\/03\/IMG_20220606_143709-300x300.jpg 300w, https:\/\/montazechlazeni.cz\/wp-content\/uploads\/2026\/03\/IMG_20220606_143709-500x500.jpg 500w\" sizes=\"(max-width: 400px) 100vw, 400px\" \/><\/a>\n\t\t\t<\/div><\/figure>\n\t\t<\/div>\n\t\t<\/div>\n\t\t\t\t\t\t<\/div>\n\t\t\t\t\t<\/div>\n\t\t<\/div>\n\t\t\t\t\t<\/div>\n\t\t<\/section>\n\t\t\t\t<\/div>\n\t\t","protected":false},"excerpt":{"rendered":"<p>Chladic\u00ed syst\u00e9my pro sklady Navrhujeme a realizujeme chladic\u00ed syst\u00e9my pro skladov\u00e9 prostory s d\u016frazem na spolehliv\u00fd provoz, rovnom\u011brn\u00e9 teplotn\u00ed podm\u00ednky a energetickou efektivitu. \u0158e\u0161en\u00ed p\u0159izp\u016fsobujeme typu skladovan\u00e9ho zbo\u017e\u00ed i po\u017eadovan\u00e9mu teplotn\u00edmu re\u017eimu. Zaji\u0161\u0165ujeme chlazen\u00ed chlad\u00edrensk\u00fdch i mraz\u00edrensk\u00fdch sklad\u016f, distribu\u010dn\u00edch center a logistick\u00fdch hal. D\u016fraz klademe na stabiln\u00ed teploty v cel\u00e9m prostoru, minimalizaci tepeln\u00fdch ztr\u00e1t a [&hellip;]<\/p>\n","protected":false},"author":1,"featured_media":0,"parent":50,"menu_order":0,"comment_status":"closed","ping_status":"closed","template":"elementor_header_footer","meta":{"_eb_attr":"","_monsterinsights_skip_tracking":false,"_monsterinsights_sitenote_active":false,"_monsterinsights_sitenote_note":"","_monsterinsights_sitenote_category":0,"footnotes":""},"class_list":["post-456","page","type-page","status-publish","hentry"],"aioseo_notices":[],"_links":{"self":[{"href":"https:\/\/montazechlazeni.cz\/index.php\/wp-json\/wp\/v2\/pages\/456","targetHints":{"allow":["GET"]}}],"collection":[{"href":"https:\/\/montazechlazeni.cz\/index.php\/wp-json\/wp\/v2\/pages"}],"about":[{"href":"https:\/\/montazechlazeni.cz\/index.php\/wp-json\/wp\/v2\/types\/page"}],"author":[{"embeddable":true,"href":"https:\/\/montazechlazeni.cz\/index.php\/wp-json\/wp\/v2\/users\/1"}],"replies":[{"embeddable":true,"href":"https:\/\/montazechlazeni.cz\/index.php\/wp-json\/wp\/v2\/comments?post=456"}],"version-history":[{"count":4,"href":"https:\/\/montazechlazeni.cz\/index.php\/wp-json\/wp\/v2\/pages\/456\/revisions"}],"predecessor-version":[{"id":603,"href":"https:\/\/montazechlazeni.cz\/index.php\/wp-json\/wp\/v2\/pages\/456\/revisions\/603"}],"up":[{"embeddable":true,"href":"https:\/\/montazechlazeni.cz\/index.php\/wp-json\/wp\/v2\/pages\/50"}],"wp:attachment":[{"href":"https:\/\/montazechlazeni.cz\/index.php\/wp-json\/wp\/v2\/media?parent=456"}],"curies":[{"name":"wp","href":"https:\/\/api.w.org\/{rel}","templated":true}]}}