{"id":454,"date":"2026-03-22T09:03:19","date_gmt":"2026-03-22T08:03:19","guid":{"rendered":"https:\/\/montazechlazeni.cz\/?page_id=454"},"modified":"2026-03-29T15:00:31","modified_gmt":"2026-03-29T13:00:31","slug":"ostatni","status":"publish","type":"page","link":"https:\/\/montazechlazeni.cz\/index.php\/reference\/ostatni\/","title":{"rendered":"Ostatn\u00ed"},"content":{"rendered":"\t\t<div data-elementor-type=\"wp-page\" data-elementor-id=\"454\" class=\"elementor elementor-454\">\n\t\t\t\t\t\t<section class=\"elementor-section elementor-top-section elementor-element elementor-element-0daabe9 elementor-section-boxed elementor-section-height-default elementor-section-height-default\" data-id=\"0daabe9\" data-element_type=\"section\" data-e-type=\"section\">\n\t\t\t\t\t\t<div class=\"elementor-container elementor-column-gap-no\">\n\t\t\t\t\t<div class=\"elementor-column elementor-col-100 elementor-top-column elementor-element elementor-element-dc2a5e8\" data-id=\"dc2a5e8\" data-element_type=\"column\" data-e-type=\"column\">\n\t\t\t<div class=\"elementor-widget-wrap elementor-element-populated\">\n\t\t\t\t\t\t<div class=\"elementor-element elementor-element-84e1ef2 elementor-invisible elementor-widget elementor-widget-heading\" data-id=\"84e1ef2\" data-element_type=\"widget\" data-e-type=\"widget\" data-settings=\"{&quot;_animation&quot;:&quot;fadeInUp&quot;}\" data-widget_type=\"heading.default\">\n\t\t\t\t\t<h2 class=\"elementor-heading-title elementor-size-default\">Ostatn\u00ed chladic\u00ed syst\u00e9my<\/h2>\t\t\t\t<\/div>\n\t\t\t\t<div class=\"elementor-element elementor-element-646f3f8 elementor-widget__width-initial elementor-invisible elementor-widget elementor-widget-image\" data-id=\"646f3f8\" data-element_type=\"widget\" data-e-type=\"widget\" data-settings=\"{&quot;_animation&quot;:&quot;zoomIn&quot;,&quot;_animation_delay&quot;:200}\" data-widget_type=\"image.default\">\n\t\t\t\t\t\t\t\t\t\t\t\t\t\t\t<img fetchpriority=\"high\" decoding=\"async\" width=\"800\" height=\"360\" src=\"https:\/\/montazechlazeni.cz\/wp-content\/uploads\/2026\/03\/20230419_104845-1024x461.jpg\" class=\"attachment-large size-large wp-image-591\" alt=\"\" srcset=\"https:\/\/montazechlazeni.cz\/wp-content\/uploads\/2026\/03\/20230419_104845-1024x461.jpg 1024w, https:\/\/montazechlazeni.cz\/wp-content\/uploads\/2026\/03\/20230419_104845-300x135.jpg 300w, https:\/\/montazechlazeni.cz\/wp-content\/uploads\/2026\/03\/20230419_104845-768x345.jpg 768w, https:\/\/montazechlazeni.cz\/wp-content\/uploads\/2026\/03\/20230419_104845-1536x691.jpg 1536w, https:\/\/montazechlazeni.cz\/wp-content\/uploads\/2026\/03\/20230419_104845.jpg 1701w\" sizes=\"(max-width: 800px) 100vw, 800px\" \/>\t\t\t\t\t\t\t\t\t\t\t\t\t\t\t<\/div>\n\t\t\t\t<div class=\"elementor-element elementor-element-889e0c6 elementor-invisible elementor-widget elementor-widget-text-editor\" data-id=\"889e0c6\" data-element_type=\"widget\" data-e-type=\"widget\" data-settings=\"{&quot;_animation&quot;:&quot;fadeInUp&quot;}\" data-widget_type=\"text-editor.default\">\n\t\t\t\t\t\t\t\t\t<p data-start=\"32\" data-end=\"250\">Navrhujeme a realizujeme chladic\u00ed syst\u00e9my pro specifick\u00e9 aplikace nap\u0159\u00ed\u010d pr\u016fmyslov\u00fdmi i komer\u010dn\u00edmi provozy. Ka\u017ed\u00e9 \u0159e\u0161en\u00ed p\u0159izp\u016fsobujeme technologick\u00fdm po\u017eadavk\u016fm, provozn\u00edm podm\u00ednk\u00e1m a po\u017eadovan\u00e9mu teplotn\u00edmu re\u017eimu.<\/p><p data-start=\"252\" data-end=\"484\">Dod\u00e1v\u00e1me chlazen\u00ed pro v\u00fdrobn\u00ed technologie, klimatizaci technologick\u00fdch prostor, procesn\u00ed chlazen\u00ed i speci\u00e1ln\u00ed aplikace s p\u0159esn\u011b \u0159\u00edzenou teplotou. D\u016fraz klademe na spolehlivost, energetickou efektivitu a dlouhodob\u011b stabiln\u00ed provoz.<\/p><p data-start=\"486\" data-end=\"624\" data-is-last-node=\"\" data-is-only-node=\"\">Ka\u017ed\u00fd projekt navrhujeme individu\u00e1ln\u011b s ohledem na charakter provozu, po\u017eadovan\u00fd v\u00fdkon a mo\u017enosti integrace do st\u00e1vaj\u00edc\u00ed technologie.<\/p>\t\t\t\t\t\t\t\t<\/div>\n\t\t\t\t<div class=\"elementor-element elementor-element-649feba elementor-widget elementor-widget-heading\" data-id=\"649feba\" data-element_type=\"widget\" data-e-type=\"widget\" data-widget_type=\"heading.default\">\n\t\t\t\t\t<h3 class=\"elementor-heading-title elementor-size-default\">Sladovna Krom\u011b\u0159\u00ed\u017e pro ENERGO CHOCE\u0147 s.r.o., V\u00fdm\u011bna kondenz\u00e1tor\u016f 2023<\/h3>\t\t\t\t<\/div>\n\t\t\t\t<div class=\"elementor-element elementor-element-0725b3c gallery-spacing-custom elementor-widget__width-inherit elementor-widget elementor-widget-image-gallery\" data-id=\"0725b3c\" data-element_type=\"widget\" data-e-type=\"widget\" data-widget_type=\"image-gallery.default\">\n\t\t\t\t\t\t\t<div class=\"elementor-image-gallery\">\n\t\t\t<div id='gallery-1' class='gallery galleryid-454 gallery-columns-4 gallery-size-_nx_notification_thumb_400_400'><figure class='gallery-item'>\n\t\t\t<div class='gallery-icon portrait'>\n\t\t\t\t<a data-elementor-open-lightbox=\"yes\" data-elementor-lightbox-slideshow=\"0725b3c\" data-elementor-lightbox-title=\"20221129_105319\" data-e-action-hash=\"#elementor-action%3Aaction%3Dlightbox%26settings%3DeyJpZCI6NTg5LCJ1cmwiOiJodHRwczpcL1wvbW9udGF6ZWNobGF6ZW5pLmN6XC93cC1jb250ZW50XC91cGxvYWRzXC8yMDI2XC8wM1wvMjAyMjExMjlfMTA1MzE5LmpwZyIsInNsaWRlc2hvdyI6IjA3MjViM2MifQ%3D%3D\" href='https:\/\/montazechlazeni.cz\/wp-content\/uploads\/2026\/03\/20221129_105319.jpg'><img decoding=\"async\" width=\"400\" height=\"400\" src=\"https:\/\/montazechlazeni.cz\/wp-content\/uploads\/2026\/03\/20221129_105319-400x400.jpg\" class=\"attachment-_nx_notification_thumb_400_400 size-_nx_notification_thumb_400_400\" alt=\"\" srcset=\"https:\/\/montazechlazeni.cz\/wp-content\/uploads\/2026\/03\/20221129_105319-400x400.jpg 400w, https:\/\/montazechlazeni.cz\/wp-content\/uploads\/2026\/03\/20221129_105319-150x150.jpg 150w, https:\/\/montazechlazeni.cz\/wp-content\/uploads\/2026\/03\/20221129_105319-100x100.jpg 100w, https:\/\/montazechlazeni.cz\/wp-content\/uploads\/2026\/03\/20221129_105319-200x200.jpg 200w, https:\/\/montazechlazeni.cz\/wp-content\/uploads\/2026\/03\/20221129_105319-300x300.jpg 300w, https:\/\/montazechlazeni.cz\/wp-content\/uploads\/2026\/03\/20221129_105319-500x500.jpg 500w\" sizes=\"(max-width: 400px) 100vw, 400px\" \/><\/a>\n\t\t\t<\/div><\/figure><figure class='gallery-item'>\n\t\t\t<div class='gallery-icon portrait'>\n\t\t\t\t<a data-elementor-open-lightbox=\"yes\" data-elementor-lightbox-slideshow=\"0725b3c\" data-elementor-lightbox-title=\"20230419_104736\" data-e-action-hash=\"#elementor-action%3Aaction%3Dlightbox%26settings%3DeyJpZCI6NTkwLCJ1cmwiOiJodHRwczpcL1wvbW9udGF6ZWNobGF6ZW5pLmN6XC93cC1jb250ZW50XC91cGxvYWRzXC8yMDI2XC8wM1wvMjAyMzA0MTlfMTA0NzM2LmpwZyIsInNsaWRlc2hvdyI6IjA3MjViM2MifQ%3D%3D\" href='https:\/\/montazechlazeni.cz\/wp-content\/uploads\/2026\/03\/20230419_104736.jpg'><img decoding=\"async\" width=\"400\" height=\"400\" src=\"https:\/\/montazechlazeni.cz\/wp-content\/uploads\/2026\/03\/20230419_104736-400x400.jpg\" class=\"attachment-_nx_notification_thumb_400_400 size-_nx_notification_thumb_400_400\" alt=\"\" srcset=\"https:\/\/montazechlazeni.cz\/wp-content\/uploads\/2026\/03\/20230419_104736-400x400.jpg 400w, https:\/\/montazechlazeni.cz\/wp-content\/uploads\/2026\/03\/20230419_104736-150x150.jpg 150w, https:\/\/montazechlazeni.cz\/wp-content\/uploads\/2026\/03\/20230419_104736-100x100.jpg 100w, https:\/\/montazechlazeni.cz\/wp-content\/uploads\/2026\/03\/20230419_104736-200x200.jpg 200w, https:\/\/montazechlazeni.cz\/wp-content\/uploads\/2026\/03\/20230419_104736-300x300.jpg 300w, https:\/\/montazechlazeni.cz\/wp-content\/uploads\/2026\/03\/20230419_104736-500x500.jpg 500w\" sizes=\"(max-width: 400px) 100vw, 400px\" \/><\/a>\n\t\t\t<\/div><\/figure><figure class='gallery-item'>\n\t\t\t<div class='gallery-icon landscape'>\n\t\t\t\t<a data-elementor-open-lightbox=\"yes\" data-elementor-lightbox-slideshow=\"0725b3c\" data-elementor-lightbox-title=\"20230419_104845\" data-e-action-hash=\"#elementor-action%3Aaction%3Dlightbox%26settings%3DeyJpZCI6NTkxLCJ1cmwiOiJodHRwczpcL1wvbW9udGF6ZWNobGF6ZW5pLmN6XC93cC1jb250ZW50XC91cGxvYWRzXC8yMDI2XC8wM1wvMjAyMzA0MTlfMTA0ODQ1LmpwZyIsInNsaWRlc2hvdyI6IjA3MjViM2MifQ%3D%3D\" href='https:\/\/montazechlazeni.cz\/wp-content\/uploads\/2026\/03\/20230419_104845.jpg'><img loading=\"lazy\" decoding=\"async\" width=\"400\" height=\"400\" src=\"https:\/\/montazechlazeni.cz\/wp-content\/uploads\/2026\/03\/20230419_104845-400x400.jpg\" class=\"attachment-_nx_notification_thumb_400_400 size-_nx_notification_thumb_400_400\" alt=\"\" srcset=\"https:\/\/montazechlazeni.cz\/wp-content\/uploads\/2026\/03\/20230419_104845-400x400.jpg 400w, https:\/\/montazechlazeni.cz\/wp-content\/uploads\/2026\/03\/20230419_104845-150x150.jpg 150w, https:\/\/montazechlazeni.cz\/wp-content\/uploads\/2026\/03\/20230419_104845-100x100.jpg 100w, https:\/\/montazechlazeni.cz\/wp-content\/uploads\/2026\/03\/20230419_104845-200x200.jpg 200w, https:\/\/montazechlazeni.cz\/wp-content\/uploads\/2026\/03\/20230419_104845-300x300.jpg 300w, https:\/\/montazechlazeni.cz\/wp-content\/uploads\/2026\/03\/20230419_104845-500x500.jpg 500w\" sizes=\"(max-width: 400px) 100vw, 400px\" \/><\/a>\n\t\t\t<\/div><\/figure><figure class='gallery-item'>\n\t\t\t<div class='gallery-icon portrait'>\n\t\t\t\t<a data-elementor-open-lightbox=\"yes\" data-elementor-lightbox-slideshow=\"0725b3c\" data-elementor-lightbox-title=\"20230425_114628\" data-e-action-hash=\"#elementor-action%3Aaction%3Dlightbox%26settings%3DeyJpZCI6NTkyLCJ1cmwiOiJodHRwczpcL1wvbW9udGF6ZWNobGF6ZW5pLmN6XC93cC1jb250ZW50XC91cGxvYWRzXC8yMDI2XC8wM1wvMjAyMzA0MjVfMTE0NjI4LmpwZyIsInNsaWRlc2hvdyI6IjA3MjViM2MifQ%3D%3D\" href='https:\/\/montazechlazeni.cz\/wp-content\/uploads\/2026\/03\/20230425_114628.jpg'><img loading=\"lazy\" decoding=\"async\" width=\"400\" height=\"400\" src=\"https:\/\/montazechlazeni.cz\/wp-content\/uploads\/2026\/03\/20230425_114628-400x400.jpg\" class=\"attachment-_nx_notification_thumb_400_400 size-_nx_notification_thumb_400_400\" alt=\"\" srcset=\"https:\/\/montazechlazeni.cz\/wp-content\/uploads\/2026\/03\/20230425_114628-400x400.jpg 400w, https:\/\/montazechlazeni.cz\/wp-content\/uploads\/2026\/03\/20230425_114628-150x150.jpg 150w, https:\/\/montazechlazeni.cz\/wp-content\/uploads\/2026\/03\/20230425_114628-100x100.jpg 100w, https:\/\/montazechlazeni.cz\/wp-content\/uploads\/2026\/03\/20230425_114628-200x200.jpg 200w, https:\/\/montazechlazeni.cz\/wp-content\/uploads\/2026\/03\/20230425_114628-300x300.jpg 300w, https:\/\/montazechlazeni.cz\/wp-content\/uploads\/2026\/03\/20230425_114628-500x500.jpg 500w\" sizes=\"(max-width: 400px) 100vw, 400px\" \/><\/a>\n\t\t\t<\/div><\/figure>\n\t\t<\/div>\n\t\t<\/div>\n\t\t\t\t\t\t<\/div>\n\t\t\t\t\t<\/div>\n\t\t<\/div>\n\t\t\t\t\t<\/div>\n\t\t<\/section>\n\t\t\t\t<\/div>\n\t\t","protected":false},"excerpt":{"rendered":"<p>Ostatn\u00ed chladic\u00ed syst\u00e9my Navrhujeme a realizujeme chladic\u00ed syst\u00e9my pro specifick\u00e9 aplikace nap\u0159\u00ed\u010d pr\u016fmyslov\u00fdmi i komer\u010dn\u00edmi provozy. Ka\u017ed\u00e9 \u0159e\u0161en\u00ed p\u0159izp\u016fsobujeme technologick\u00fdm po\u017eadavk\u016fm, provozn\u00edm podm\u00ednk\u00e1m a po\u017eadovan\u00e9mu teplotn\u00edmu re\u017eimu. Dod\u00e1v\u00e1me chlazen\u00ed pro v\u00fdrobn\u00ed technologie, klimatizaci technologick\u00fdch prostor, procesn\u00ed chlazen\u00ed i speci\u00e1ln\u00ed aplikace s p\u0159esn\u011b \u0159\u00edzenou teplotou. D\u016fraz klademe na spolehlivost, energetickou efektivitu a dlouhodob\u011b stabiln\u00ed provoz. Ka\u017ed\u00fd [&hellip;]<\/p>\n","protected":false},"author":1,"featured_media":0,"parent":50,"menu_order":0,"comment_status":"closed","ping_status":"closed","template":"elementor_header_footer","meta":{"_eb_attr":"","_monsterinsights_skip_tracking":false,"_monsterinsights_sitenote_active":false,"_monsterinsights_sitenote_note":"","_monsterinsights_sitenote_category":0,"footnotes":""},"class_list":["post-454","page","type-page","status-publish","hentry"],"aioseo_notices":[],"_links":{"self":[{"href":"https:\/\/montazechlazeni.cz\/index.php\/wp-json\/wp\/v2\/pages\/454","targetHints":{"allow":["GET"]}}],"collection":[{"href":"https:\/\/montazechlazeni.cz\/index.php\/wp-json\/wp\/v2\/pages"}],"about":[{"href":"https:\/\/montazechlazeni.cz\/index.php\/wp-json\/wp\/v2\/types\/page"}],"author":[{"embeddable":true,"href":"https:\/\/montazechlazeni.cz\/index.php\/wp-json\/wp\/v2\/users\/1"}],"replies":[{"embeddable":true,"href":"https:\/\/montazechlazeni.cz\/index.php\/wp-json\/wp\/v2\/comments?post=454"}],"version-history":[{"count":4,"href":"https:\/\/montazechlazeni.cz\/index.php\/wp-json\/wp\/v2\/pages\/454\/revisions"}],"predecessor-version":[{"id":606,"href":"https:\/\/montazechlazeni.cz\/index.php\/wp-json\/wp\/v2\/pages\/454\/revisions\/606"}],"up":[{"embeddable":true,"href":"https:\/\/montazechlazeni.cz\/index.php\/wp-json\/wp\/v2\/pages\/50"}],"wp:attachment":[{"href":"https:\/\/montazechlazeni.cz\/index.php\/wp-json\/wp\/v2\/media?parent=454"}],"curies":[{"name":"wp","href":"https:\/\/api.w.org\/{rel}","templated":true}]}}