{"id":452,"date":"2026-03-22T09:02:32","date_gmt":"2026-03-22T08:02:32","guid":{"rendered":"https:\/\/montazechlazeni.cz\/?page_id=452"},"modified":"2026-04-13T08:57:47","modified_gmt":"2026-04-13T06:57:47","slug":"masokombinaty","status":"publish","type":"page","link":"https:\/\/montazechlazeni.cz\/index.php\/reference\/masokombinaty\/","title":{"rendered":"Masokombin\u00e1ty"},"content":{"rendered":"\t\t<div data-elementor-type=\"wp-page\" data-elementor-id=\"452\" class=\"elementor elementor-452\">\n\t\t\t\t\t\t<section class=\"elementor-section elementor-top-section elementor-element elementor-element-8282e63 elementor-section-boxed elementor-section-height-default elementor-section-height-default\" data-id=\"8282e63\" data-element_type=\"section\" data-e-type=\"section\">\n\t\t\t\t\t\t<div class=\"elementor-container elementor-column-gap-no\">\n\t\t\t\t\t<div class=\"elementor-column elementor-col-100 elementor-top-column elementor-element elementor-element-b2035c8\" data-id=\"b2035c8\" data-element_type=\"column\" data-e-type=\"column\">\n\t\t\t<div class=\"elementor-widget-wrap elementor-element-populated\">\n\t\t\t\t\t\t<div class=\"elementor-element elementor-element-14c55c4 elementor-invisible elementor-widget elementor-widget-heading\" data-id=\"14c55c4\" data-element_type=\"widget\" data-e-type=\"widget\" data-settings=\"{&quot;_animation&quot;:&quot;fadeInUp&quot;}\" data-widget_type=\"heading.default\">\n\t\t\t\t\t<h2 class=\"elementor-heading-title elementor-size-default\">Chladic\u00ed syst\u00e9my pro masokombin\u00e1ty<\/h2>\t\t\t\t<\/div>\n\t\t\t\t<div class=\"elementor-element elementor-element-9384318 elementor-widget__width-initial elementor-invisible elementor-widget elementor-widget-image\" data-id=\"9384318\" data-element_type=\"widget\" data-e-type=\"widget\" data-settings=\"{&quot;_animation&quot;:&quot;zoomIn&quot;,&quot;_animation_delay&quot;:200}\" data-widget_type=\"image.default\">\n\t\t\t\t\t\t\t\t\t\t\t\t\t\t\t<img decoding=\"async\" src=\"https:\/\/montazechlazeni.cz\/wp-content\/uploads\/elementor\/thumbs\/20210428_181759-rl7z370q7xlo975x3rdi0yi9yz1ck377rzmkzxz9cg.jpg\" title=\"20210428_181759\" alt=\"20210428_181759\" loading=\"lazy\" \/>\t\t\t\t\t\t\t\t\t\t\t\t\t\t\t<\/div>\n\t\t\t\t<div class=\"elementor-element elementor-element-e2a0286 elementor-invisible elementor-widget elementor-widget-text-editor\" data-id=\"e2a0286\" data-element_type=\"widget\" data-e-type=\"widget\" data-settings=\"{&quot;_animation&quot;:&quot;fadeInUp&quot;}\" data-widget_type=\"text-editor.default\">\n\t\t\t\t\t\t\t\t\t<p data-start=\"42\" data-end=\"322\">Navrhujeme a realizujeme chladic\u00ed syst\u00e9my pro masokombin\u00e1ty a zpracov\u00e1n\u00ed masa s d\u016frazem na hygienu, spolehlivost a energetickou efektivitu. Dod\u00e1v\u00e1me technologie pro \u0161okov\u00e9 zchlazov\u00e1n\u00ed, mraz\u00edrensk\u00e9 sklady, chlad\u00edrny jate\u010dn\u00fdch p\u016flek i temperovan\u00e9 prostory pro bour\u00e1rny a expedici.<\/p><p data-start=\"324\" data-end=\"573\">Na\u0161e \u0159e\u0161en\u00ed zaji\u0161\u0165uj\u00ed stabiln\u00ed teploty v cel\u00e9m v\u00fdrobn\u00edm \u0159et\u011bzci, spln\u011bn\u00ed p\u0159\u00edsn\u00fdch potravin\u00e1\u0159sk\u00fdch norem a minimalizaci provozn\u00edch n\u00e1klad\u016f. Ka\u017ed\u00fd projekt navrhujeme individu\u00e1ln\u011b podle kapacity provozu, po\u017eadovan\u00fdch teplot a technologick\u00fdch proces\u016f.<\/p>\t\t\t\t\t\t\t\t<\/div>\n\t\t\t\t<div class=\"elementor-element elementor-element-bf02a98 elementor-widget elementor-widget-heading\" data-id=\"bf02a98\" data-element_type=\"widget\" data-e-type=\"widget\" data-widget_type=\"heading.default\">\n\t\t\t\t\t<h3 class=\"elementor-heading-title elementor-size-default\">RABBIT Jev\u00ed\u010dko Pro refri syst\u00e9my s.r.o. - strojovna a zchlazoVac\u00ed tunel, 2025<\/h3>\t\t\t\t<\/div>\n\t\t\t\t<div class=\"elementor-element elementor-element-0cd3ee6 gallery-spacing-custom elementor-widget__width-inherit elementor-widget elementor-widget-image-gallery\" data-id=\"0cd3ee6\" data-element_type=\"widget\" data-e-type=\"widget\" data-widget_type=\"image-gallery.default\">\n\t\t\t\t\t\t\t<div class=\"elementor-image-gallery\">\n\t\t\t<div id='gallery-1' class='gallery galleryid-452 gallery-columns-4 gallery-size-_nx_notification_thumb_400_400'><figure class='gallery-item'>\n\t\t\t<div class='gallery-icon landscape'>\n\t\t\t\t<a data-elementor-open-lightbox=\"yes\" data-elementor-lightbox-slideshow=\"0cd3ee6\" data-elementor-lightbox-title=\"20251029_114116\" data-e-action-hash=\"#elementor-action%3Aaction%3Dlightbox%26settings%3DeyJpZCI6NTU4LCJ1cmwiOiJodHRwczpcL1wvbW9udGF6ZWNobGF6ZW5pLmN6XC93cC1jb250ZW50XC91cGxvYWRzXC8yMDI2XC8wM1wvMjAyNTEwMjlfMTE0MTE2LTEtc2NhbGVkLmpwZyIsInNsaWRlc2hvdyI6IjBjZDNlZTYifQ%3D%3D\" href='https:\/\/montazechlazeni.cz\/wp-content\/uploads\/2026\/03\/20251029_114116-1-scaled.jpg'><img fetchpriority=\"high\" decoding=\"async\" width=\"400\" height=\"400\" src=\"https:\/\/montazechlazeni.cz\/wp-content\/uploads\/2026\/03\/20251029_114116-1-400x400.jpg\" class=\"attachment-_nx_notification_thumb_400_400 size-_nx_notification_thumb_400_400\" alt=\"\" srcset=\"https:\/\/montazechlazeni.cz\/wp-content\/uploads\/2026\/03\/20251029_114116-1-400x400.jpg 400w, https:\/\/montazechlazeni.cz\/wp-content\/uploads\/2026\/03\/20251029_114116-1-150x150.jpg 150w, https:\/\/montazechlazeni.cz\/wp-content\/uploads\/2026\/03\/20251029_114116-1-100x100.jpg 100w, https:\/\/montazechlazeni.cz\/wp-content\/uploads\/2026\/03\/20251029_114116-1-200x200.jpg 200w, https:\/\/montazechlazeni.cz\/wp-content\/uploads\/2026\/03\/20251029_114116-1-300x300.jpg 300w, https:\/\/montazechlazeni.cz\/wp-content\/uploads\/2026\/03\/20251029_114116-1-500x500.jpg 500w\" sizes=\"(max-width: 400px) 100vw, 400px\" \/><\/a>\n\t\t\t<\/div><\/figure><figure class='gallery-item'>\n\t\t\t<div class='gallery-icon portrait'>\n\t\t\t\t<a data-elementor-open-lightbox=\"yes\" data-elementor-lightbox-slideshow=\"0cd3ee6\" data-elementor-lightbox-title=\"20251126_110437\" data-e-action-hash=\"#elementor-action%3Aaction%3Dlightbox%26settings%3DeyJpZCI6NTU5LCJ1cmwiOiJodHRwczpcL1wvbW9udGF6ZWNobGF6ZW5pLmN6XC93cC1jb250ZW50XC91cGxvYWRzXC8yMDI2XC8wM1wvMjAyNTExMjZfMTEwNDM3LmpwZyIsInNsaWRlc2hvdyI6IjBjZDNlZTYifQ%3D%3D\" href='https:\/\/montazechlazeni.cz\/wp-content\/uploads\/2026\/03\/20251126_110437.jpg'><img decoding=\"async\" width=\"400\" height=\"400\" src=\"https:\/\/montazechlazeni.cz\/wp-content\/uploads\/2026\/03\/20251126_110437-400x400.jpg\" class=\"attachment-_nx_notification_thumb_400_400 size-_nx_notification_thumb_400_400\" alt=\"\" srcset=\"https:\/\/montazechlazeni.cz\/wp-content\/uploads\/2026\/03\/20251126_110437-400x400.jpg 400w, https:\/\/montazechlazeni.cz\/wp-content\/uploads\/2026\/03\/20251126_110437-150x150.jpg 150w, https:\/\/montazechlazeni.cz\/wp-content\/uploads\/2026\/03\/20251126_110437-100x100.jpg 100w, https:\/\/montazechlazeni.cz\/wp-content\/uploads\/2026\/03\/20251126_110437-200x200.jpg 200w, https:\/\/montazechlazeni.cz\/wp-content\/uploads\/2026\/03\/20251126_110437-300x300.jpg 300w, https:\/\/montazechlazeni.cz\/wp-content\/uploads\/2026\/03\/20251126_110437-500x500.jpg 500w\" sizes=\"(max-width: 400px) 100vw, 400px\" \/><\/a>\n\t\t\t<\/div><\/figure><figure class='gallery-item'>\n\t\t\t<div class='gallery-icon portrait'>\n\t\t\t\t<a data-elementor-open-lightbox=\"yes\" data-elementor-lightbox-slideshow=\"0cd3ee6\" data-elementor-lightbox-title=\"20251126_110445\" data-e-action-hash=\"#elementor-action%3Aaction%3Dlightbox%26settings%3DeyJpZCI6NTYwLCJ1cmwiOiJodHRwczpcL1wvbW9udGF6ZWNobGF6ZW5pLmN6XC93cC1jb250ZW50XC91cGxvYWRzXC8yMDI2XC8wM1wvMjAyNTExMjZfMTEwNDQ1LmpwZyIsInNsaWRlc2hvdyI6IjBjZDNlZTYifQ%3D%3D\" href='https:\/\/montazechlazeni.cz\/wp-content\/uploads\/2026\/03\/20251126_110445.jpg'><img decoding=\"async\" width=\"400\" height=\"400\" src=\"https:\/\/montazechlazeni.cz\/wp-content\/uploads\/2026\/03\/20251126_110445-400x400.jpg\" class=\"attachment-_nx_notification_thumb_400_400 size-_nx_notification_thumb_400_400\" alt=\"\" srcset=\"https:\/\/montazechlazeni.cz\/wp-content\/uploads\/2026\/03\/20251126_110445-400x400.jpg 400w, https:\/\/montazechlazeni.cz\/wp-content\/uploads\/2026\/03\/20251126_110445-150x150.jpg 150w, https:\/\/montazechlazeni.cz\/wp-content\/uploads\/2026\/03\/20251126_110445-100x100.jpg 100w, https:\/\/montazechlazeni.cz\/wp-content\/uploads\/2026\/03\/20251126_110445-200x200.jpg 200w, https:\/\/montazechlazeni.cz\/wp-content\/uploads\/2026\/03\/20251126_110445-300x300.jpg 300w, https:\/\/montazechlazeni.cz\/wp-content\/uploads\/2026\/03\/20251126_110445-500x500.jpg 500w\" sizes=\"(max-width: 400px) 100vw, 400px\" \/><\/a>\n\t\t\t<\/div><\/figure><figure class='gallery-item'>\n\t\t\t<div class='gallery-icon portrait'>\n\t\t\t\t<a data-elementor-open-lightbox=\"yes\" data-elementor-lightbox-slideshow=\"0cd3ee6\" data-elementor-lightbox-title=\"20260113_114151\" data-e-action-hash=\"#elementor-action%3Aaction%3Dlightbox%26settings%3DeyJpZCI6NTYxLCJ1cmwiOiJodHRwczpcL1wvbW9udGF6ZWNobGF6ZW5pLmN6XC93cC1jb250ZW50XC91cGxvYWRzXC8yMDI2XC8wM1wvMjAyNjAxMTNfMTE0MTUxLXNjYWxlZC5qcGciLCJzbGlkZXNob3ciOiIwY2QzZWU2In0%3D\" href='https:\/\/montazechlazeni.cz\/wp-content\/uploads\/2026\/03\/20260113_114151-scaled.jpg'><img loading=\"lazy\" decoding=\"async\" width=\"400\" height=\"400\" src=\"https:\/\/montazechlazeni.cz\/wp-content\/uploads\/2026\/03\/20260113_114151-400x400.jpg\" class=\"attachment-_nx_notification_thumb_400_400 size-_nx_notification_thumb_400_400\" alt=\"\" srcset=\"https:\/\/montazechlazeni.cz\/wp-content\/uploads\/2026\/03\/20260113_114151-400x400.jpg 400w, https:\/\/montazechlazeni.cz\/wp-content\/uploads\/2026\/03\/20260113_114151-150x150.jpg 150w, https:\/\/montazechlazeni.cz\/wp-content\/uploads\/2026\/03\/20260113_114151-100x100.jpg 100w, https:\/\/montazechlazeni.cz\/wp-content\/uploads\/2026\/03\/20260113_114151-200x200.jpg 200w, https:\/\/montazechlazeni.cz\/wp-content\/uploads\/2026\/03\/20260113_114151-300x300.jpg 300w, https:\/\/montazechlazeni.cz\/wp-content\/uploads\/2026\/03\/20260113_114151-500x500.jpg 500w\" sizes=\"(max-width: 400px) 100vw, 400px\" \/><\/a>\n\t\t\t<\/div><\/figure>\n\t\t<\/div>\n\t\t<\/div>\n\t\t\t\t\t\t<\/div>\n\t\t\t\t<div class=\"elementor-element elementor-element-9411da1 elementor-widget elementor-widget-heading\" data-id=\"9411da1\" data-element_type=\"widget\" data-e-type=\"widget\" data-widget_type=\"heading.default\">\n\t\t\t\t\t<h3 class=\"elementor-heading-title elementor-size-default\">Vod\u0148ansk\u00e1 dr\u016fbe\u017e a.s., provozovna Vod\u0148any - nov\u00e1 por\u00e1\u017eka ku\u0159at - strojovna chlazen\u00ed, v\u00fdrobn\u00ed a skladovac\u00ed prostory, 2020 - 2021<\/h3>\t\t\t\t<\/div>\n\t\t\t\t<div class=\"elementor-element elementor-element-494e02a gallery-spacing-custom elementor-widget__width-inherit elementor-widget elementor-widget-image-gallery\" data-id=\"494e02a\" data-element_type=\"widget\" data-e-type=\"widget\" data-widget_type=\"image-gallery.default\">\n\t\t\t\t\t\t\t<div class=\"elementor-image-gallery\">\n\t\t\t<div id='gallery-2' class='gallery galleryid-452 gallery-columns-4 gallery-size-_nx_notification_thumb_400_400'><figure class='gallery-item'>\n\t\t\t<div class='gallery-icon landscape'>\n\t\t\t\t<a data-elementor-open-lightbox=\"yes\" data-elementor-lightbox-slideshow=\"494e02a\" data-elementor-lightbox-title=\"20210210_154353\" data-e-action-hash=\"#elementor-action%3Aaction%3Dlightbox%26settings%3DeyJpZCI6NTYzLCJ1cmwiOiJodHRwczpcL1wvbW9udGF6ZWNobGF6ZW5pLmN6XC93cC1jb250ZW50XC91cGxvYWRzXC8yMDI2XC8wM1wvMjAyMTAyMTBfMTU0MzUzLmpwZyIsInNsaWRlc2hvdyI6IjQ5NGUwMmEifQ%3D%3D\" href='https:\/\/montazechlazeni.cz\/wp-content\/uploads\/2026\/03\/20210210_154353.jpg'><img loading=\"lazy\" decoding=\"async\" width=\"400\" height=\"400\" src=\"https:\/\/montazechlazeni.cz\/wp-content\/uploads\/2026\/03\/20210210_154353-400x400.jpg\" class=\"attachment-_nx_notification_thumb_400_400 size-_nx_notification_thumb_400_400\" alt=\"\" srcset=\"https:\/\/montazechlazeni.cz\/wp-content\/uploads\/2026\/03\/20210210_154353-400x400.jpg 400w, https:\/\/montazechlazeni.cz\/wp-content\/uploads\/2026\/03\/20210210_154353-150x150.jpg 150w, https:\/\/montazechlazeni.cz\/wp-content\/uploads\/2026\/03\/20210210_154353-100x100.jpg 100w, https:\/\/montazechlazeni.cz\/wp-content\/uploads\/2026\/03\/20210210_154353-200x200.jpg 200w, https:\/\/montazechlazeni.cz\/wp-content\/uploads\/2026\/03\/20210210_154353-300x300.jpg 300w, https:\/\/montazechlazeni.cz\/wp-content\/uploads\/2026\/03\/20210210_154353-500x500.jpg 500w\" sizes=\"(max-width: 400px) 100vw, 400px\" \/><\/a>\n\t\t\t<\/div><\/figure><figure class='gallery-item'>\n\t\t\t<div class='gallery-icon landscape'>\n\t\t\t\t<a data-elementor-open-lightbox=\"yes\" data-elementor-lightbox-slideshow=\"494e02a\" data-elementor-lightbox-title=\"20210428_180117\" data-e-action-hash=\"#elementor-action%3Aaction%3Dlightbox%26settings%3DeyJpZCI6NTY0LCJ1cmwiOiJodHRwczpcL1wvbW9udGF6ZWNobGF6ZW5pLmN6XC93cC1jb250ZW50XC91cGxvYWRzXC8yMDI2XC8wM1wvMjAyMTA0MjhfMTgwMTE3LXNjYWxlZC5qcGciLCJzbGlkZXNob3ciOiI0OTRlMDJhIn0%3D\" href='https:\/\/montazechlazeni.cz\/wp-content\/uploads\/2026\/03\/20210428_180117-scaled.jpg'><img loading=\"lazy\" decoding=\"async\" width=\"400\" height=\"400\" src=\"https:\/\/montazechlazeni.cz\/wp-content\/uploads\/2026\/03\/20210428_180117-400x400.jpg\" class=\"attachment-_nx_notification_thumb_400_400 size-_nx_notification_thumb_400_400\" alt=\"\" srcset=\"https:\/\/montazechlazeni.cz\/wp-content\/uploads\/2026\/03\/20210428_180117-400x400.jpg 400w, https:\/\/montazechlazeni.cz\/wp-content\/uploads\/2026\/03\/20210428_180117-150x150.jpg 150w, https:\/\/montazechlazeni.cz\/wp-content\/uploads\/2026\/03\/20210428_180117-100x100.jpg 100w, https:\/\/montazechlazeni.cz\/wp-content\/uploads\/2026\/03\/20210428_180117-200x200.jpg 200w, https:\/\/montazechlazeni.cz\/wp-content\/uploads\/2026\/03\/20210428_180117-300x300.jpg 300w, https:\/\/montazechlazeni.cz\/wp-content\/uploads\/2026\/03\/20210428_180117-500x500.jpg 500w\" sizes=\"(max-width: 400px) 100vw, 400px\" \/><\/a>\n\t\t\t<\/div><\/figure><figure class='gallery-item'>\n\t\t\t<div class='gallery-icon portrait'>\n\t\t\t\t<a data-elementor-open-lightbox=\"yes\" data-elementor-lightbox-slideshow=\"494e02a\" data-elementor-lightbox-title=\"20210428_181417\" data-e-action-hash=\"#elementor-action%3Aaction%3Dlightbox%26settings%3DeyJpZCI6NTY1LCJ1cmwiOiJodHRwczpcL1wvbW9udGF6ZWNobGF6ZW5pLmN6XC93cC1jb250ZW50XC91cGxvYWRzXC8yMDI2XC8wM1wvMjAyMTA0MjhfMTgxNDE3LmpwZyIsInNsaWRlc2hvdyI6IjQ5NGUwMmEifQ%3D%3D\" href='https:\/\/montazechlazeni.cz\/wp-content\/uploads\/2026\/03\/20210428_181417.jpg'><img loading=\"lazy\" decoding=\"async\" width=\"400\" height=\"400\" src=\"https:\/\/montazechlazeni.cz\/wp-content\/uploads\/2026\/03\/20210428_181417-400x400.jpg\" class=\"attachment-_nx_notification_thumb_400_400 size-_nx_notification_thumb_400_400\" alt=\"\" srcset=\"https:\/\/montazechlazeni.cz\/wp-content\/uploads\/2026\/03\/20210428_181417-400x400.jpg 400w, https:\/\/montazechlazeni.cz\/wp-content\/uploads\/2026\/03\/20210428_181417-150x150.jpg 150w, https:\/\/montazechlazeni.cz\/wp-content\/uploads\/2026\/03\/20210428_181417-100x100.jpg 100w, https:\/\/montazechlazeni.cz\/wp-content\/uploads\/2026\/03\/20210428_181417-200x200.jpg 200w, https:\/\/montazechlazeni.cz\/wp-content\/uploads\/2026\/03\/20210428_181417-300x300.jpg 300w, https:\/\/montazechlazeni.cz\/wp-content\/uploads\/2026\/03\/20210428_181417-500x500.jpg 500w\" sizes=\"(max-width: 400px) 100vw, 400px\" \/><\/a>\n\t\t\t<\/div><\/figure><figure class='gallery-item'>\n\t\t\t<div class='gallery-icon landscape'>\n\t\t\t\t<a data-elementor-open-lightbox=\"yes\" data-elementor-lightbox-slideshow=\"494e02a\" data-elementor-lightbox-title=\"20210428_181759\" data-e-action-hash=\"#elementor-action%3Aaction%3Dlightbox%26settings%3DeyJpZCI6NTY2LCJ1cmwiOiJodHRwczpcL1wvbW9udGF6ZWNobGF6ZW5pLmN6XC93cC1jb250ZW50XC91cGxvYWRzXC8yMDI2XC8wM1wvMjAyMTA0MjhfMTgxNzU5LTEuanBnIiwic2xpZGVzaG93IjoiNDk0ZTAyYSJ9\" href='https:\/\/montazechlazeni.cz\/wp-content\/uploads\/2026\/03\/20210428_181759-1.jpg'><img loading=\"lazy\" decoding=\"async\" width=\"400\" height=\"400\" src=\"https:\/\/montazechlazeni.cz\/wp-content\/uploads\/2026\/03\/20210428_181759-1-400x400.jpg\" class=\"attachment-_nx_notification_thumb_400_400 size-_nx_notification_thumb_400_400\" alt=\"\" srcset=\"https:\/\/montazechlazeni.cz\/wp-content\/uploads\/2026\/03\/20210428_181759-1-400x400.jpg 400w, https:\/\/montazechlazeni.cz\/wp-content\/uploads\/2026\/03\/20210428_181759-1-150x150.jpg 150w, https:\/\/montazechlazeni.cz\/wp-content\/uploads\/2026\/03\/20210428_181759-1-100x100.jpg 100w, https:\/\/montazechlazeni.cz\/wp-content\/uploads\/2026\/03\/20210428_181759-1-200x200.jpg 200w, https:\/\/montazechlazeni.cz\/wp-content\/uploads\/2026\/03\/20210428_181759-1-300x300.jpg 300w, https:\/\/montazechlazeni.cz\/wp-content\/uploads\/2026\/03\/20210428_181759-1-500x500.jpg 500w\" sizes=\"(max-width: 400px) 100vw, 400px\" \/><\/a>\n\t\t\t<\/div><\/figure>\n\t\t<\/div>\n\t\t<\/div>\n\t\t\t\t\t\t<\/div>\n\t\t\t\t\t<\/div>\n\t\t<\/div>\n\t\t\t\t\t<\/div>\n\t\t<\/section>\n\t\t\t\t<\/div>\n\t\t","protected":false},"excerpt":{"rendered":"<p>Chladic\u00ed syst\u00e9my pro masokombin\u00e1ty Navrhujeme a realizujeme chladic\u00ed syst\u00e9my pro masokombin\u00e1ty a zpracov\u00e1n\u00ed masa s d\u016frazem na hygienu, spolehlivost a energetickou efektivitu. Dod\u00e1v\u00e1me technologie pro \u0161okov\u00e9 zchlazov\u00e1n\u00ed, mraz\u00edrensk\u00e9 sklady, chlad\u00edrny jate\u010dn\u00fdch p\u016flek i temperovan\u00e9 prostory pro bour\u00e1rny a expedici. Na\u0161e \u0159e\u0161en\u00ed zaji\u0161\u0165uj\u00ed stabiln\u00ed teploty v cel\u00e9m v\u00fdrobn\u00edm \u0159et\u011bzci, spln\u011bn\u00ed p\u0159\u00edsn\u00fdch potravin\u00e1\u0159sk\u00fdch norem a minimalizaci provozn\u00edch [&hellip;]<\/p>\n","protected":false},"author":1,"featured_media":0,"parent":50,"menu_order":0,"comment_status":"closed","ping_status":"closed","template":"elementor_header_footer","meta":{"_eb_attr":"","_monsterinsights_skip_tracking":false,"_monsterinsights_sitenote_active":false,"_monsterinsights_sitenote_note":"","_monsterinsights_sitenote_category":0,"footnotes":""},"class_list":["post-452","page","type-page","status-publish","hentry"],"aioseo_notices":[],"_links":{"self":[{"href":"https:\/\/montazechlazeni.cz\/index.php\/wp-json\/wp\/v2\/pages\/452","targetHints":{"allow":["GET"]}}],"collection":[{"href":"https:\/\/montazechlazeni.cz\/index.php\/wp-json\/wp\/v2\/pages"}],"about":[{"href":"https:\/\/montazechlazeni.cz\/index.php\/wp-json\/wp\/v2\/types\/page"}],"author":[{"embeddable":true,"href":"https:\/\/montazechlazeni.cz\/index.php\/wp-json\/wp\/v2\/users\/1"}],"replies":[{"embeddable":true,"href":"https:\/\/montazechlazeni.cz\/index.php\/wp-json\/wp\/v2\/comments?post=452"}],"version-history":[{"count":8,"href":"https:\/\/montazechlazeni.cz\/index.php\/wp-json\/wp\/v2\/pages\/452\/revisions"}],"predecessor-version":[{"id":771,"href":"https:\/\/montazechlazeni.cz\/index.php\/wp-json\/wp\/v2\/pages\/452\/revisions\/771"}],"up":[{"embeddable":true,"href":"https:\/\/montazechlazeni.cz\/index.php\/wp-json\/wp\/v2\/pages\/50"}],"wp:attachment":[{"href":"https:\/\/montazechlazeni.cz\/index.php\/wp-json\/wp\/v2\/media?parent=452"}],"curies":[{"name":"wp","href":"https:\/\/api.w.org\/{rel}","templated":true}]}}